{"id":110,"date":"2017-11-23T17:04:18","date_gmt":"2017-11-23T15:04:18","guid":{"rendered":"http:\/\/ccoc.upg-ploiesti.ro\/?page_id=110"},"modified":"2022-06-02T11:48:05","modified_gmt":"2022-06-02T08:48:05","slug":"daqor","status":"publish","type":"page","link":"http:\/\/ccoc.upg-ploiesti.ro\/?page_id=110","title":{"rendered":"Proiectul DAQOR"},"content":{"rendered":"<p><strong>DAQOR &#8211; D\u00e9veloppement pour l\u2019Am\u00e9lioration de la Qualit\u00e9 de l\u2019ORientation <\/strong><\/p>\n<p>DAQOR este un proiect educa\u0163ional european de tip Leonardo da Vinci care \u00ee\u015fi&nbsp; propune un parteneriat original \u00eentre universit\u0103\u0163i europene (Universit\u00e9 Bretagne Sud din Lorient, Fran\u0163a&nbsp; \u015fi Universitatea Petrol-Gaze din Ploie\u015fti, Romania) \u015fi structuri europene ale c\u0103ror misiuni se situeaz\u0103 \u00een domeniul orientarii &nbsp;(PRAO &#8211; Lyon, Fran\u0163a; COSP \u2013 Verona, Italia; Generalitat de Catalunya \u2013 Figueres, Spania \u015fi Orientation \u00e0 12 \u2013 Bruxelles, Belgia).<\/p>\n<p>Cele \u015fase structuri europene decid s\u0103 angajeze o activitate comun\u0103 pentru a contribui la dezvoltarea \u015fi ameliorarea acestui demers.<\/p>\n<p><strong><em>Obiective:<\/em><\/strong><\/p>\n<ul>\n<li>transferarea de cuno\u015ftin\u0163e \u015fi de practici legate de calitatea \u00een orientare;<\/li>\n<li>extinderea \u015fi \u00eembog\u0103\u0163irea parteneriatului \u00een jurul problematicilor privitoare la calitatea \u00een orientare;<\/li>\n<li>concretizarea activit\u0103\u0163ii prin punerea \u00een func\u0163iune a unui sistem de recunoa\u015ftere a calit\u0103\u0163ii \u00een orientare, \u00een noi regiuni.<\/li>\n<\/ul>\n<p><strong><em>Public <\/em><\/strong><strong><em>\u0163int\u0103:<\/em><\/strong><\/p>\n<ul>\n<li>consilieri \u015fcolari;<\/li>\n<li>psihologi;<\/li>\n<li>asisten\u0163i sociali;<\/li>\n<li>profesioni\u015fti \u00een domeniul consilierii\/orient\u0103rii.<\/li>\n<\/ul>\n<p><strong><em>Parteneri<\/em><\/strong><em>:<\/em><\/p>\n<ul>\n<li>D\u00e9partement d\u2019\u00c9ducation de la Generalitat de Catalunya (Espagne)<\/li>\n<li>L\u2019Universit\u00e9 de Bretagne-Sud (France)<\/li>\n<li>PRAO, P\u00f4le Rh\u00f4ne-Alpes de l\u2019Orientation (France).<\/li>\n<li>L\u2019Universit\u00e9 Petrol Gaz de Ploiesti (Roumanie)<\/li>\n<li>Orientation \u00e0 douze de la communaut\u00e9 fran\u00e7aise de Belgique (Association de Centres Psycho-m\u00e9dico-sociaux et de Bruxelles Formation)<\/li>\n<li>COSP, Centre d\u2019Orientation Scolaire et Professionnelle de V\u00e9rone (Italie)<\/li>\n<\/ul>\n","protected":false},"excerpt":{"rendered":"<p>DAQOR &#8211; D\u00e9veloppement pour l\u2019Am\u00e9lioration de la Qualit\u00e9 de l\u2019ORientation DAQOR este un proiect educa\u0163ional european de tip Leonardo da Vinci care \u00ee\u015fi&nbsp; propune un parteneriat original \u00eentre universit\u0103\u0163i europene (Universit\u00e9 Bretagne Sud din Lorient, Fran\u0163a&nbsp; \u015fi Universitatea Petrol-Gaze din Ploie\u015fti, Romania) \u015fi structuri europene ale c\u0103ror misiuni se situeaz\u0103 \u00een domeniul orientarii &nbsp;(PRAO &#8211;&#8230;<\/p>\n","protected":false},"author":1,"featured_media":0,"parent":102,"menu_order":0,"comment_status":"closed","ping_status":"closed","template":"","meta":{"_kad_post_transparent":"","_kad_post_title":"","_kad_post_layout":"","_kad_post_sidebar_id":"","_kad_post_content_style":"","_kad_post_vertical_padding":"","_kad_post_feature":"","_kad_post_feature_position":"","_kad_post_header":false,"_kad_post_footer":false,"footnotes":""},"class_list":["post-110","page","type-page","status-publish","hentry"],"yoast_head":"<!-- This site is optimized with the Yoast SEO plugin v24.5 - https:\/\/yoast.com\/wordpress\/plugins\/seo\/ -->\n<title>Proiectul DAQOR - Centrul de Consiliere \u0219i Orientare \u00een Carier\u0103<\/title>\n<meta name=\"robots\" content=\"index, follow, max-snippet:-1, max-image-preview:large, max-video-preview:-1\" \/>\n<link rel=\"canonical\" href=\"http:\/\/ccoc.upg-ploiesti.ro\/?page_id=110\" \/>\n<meta property=\"og:locale\" content=\"en_US\" \/>\n<meta property=\"og:type\" content=\"article\" \/>\n<meta property=\"og:title\" content=\"Proiectul DAQOR - Centrul de Consiliere \u0219i Orientare \u00een Carier\u0103\" \/>\n<meta property=\"og:description\" content=\"DAQOR &#8211; D\u00e9veloppement pour l\u2019Am\u00e9lioration de la Qualit\u00e9 de l\u2019ORientation DAQOR este un proiect educa\u0163ional european de tip Leonardo da Vinci care \u00ee\u015fi&nbsp; propune un parteneriat original \u00eentre universit\u0103\u0163i europene (Universit\u00e9 Bretagne Sud din Lorient, Fran\u0163a&nbsp; \u015fi Universitatea Petrol-Gaze din Ploie\u015fti, Romania) \u015fi structuri europene ale c\u0103ror misiuni se situeaz\u0103 \u00een domeniul orientarii &nbsp;(PRAO &#8211;...\" \/>\n<meta property=\"og:url\" content=\"http:\/\/ccoc.upg-ploiesti.ro\/?page_id=110\" \/>\n<meta property=\"og:site_name\" content=\"Centrul de Consiliere \u0219i Orientare \u00een Carier\u0103\" \/>\n<meta property=\"article:modified_time\" content=\"2022-06-02T08:48:05+00:00\" \/>\n<meta name=\"twitter:card\" content=\"summary_large_image\" \/>\n<meta name=\"twitter:label1\" content=\"Est. reading time\" \/>\n\t<meta name=\"twitter:data1\" content=\"1 minute\" \/>\n<script type=\"application\/ld+json\" class=\"yoast-schema-graph\">{\"@context\":\"https:\/\/schema.org\",\"@graph\":[{\"@type\":\"WebPage\",\"@id\":\"http:\/\/ccoc.upg-ploiesti.ro\/?page_id=110\",\"url\":\"http:\/\/ccoc.upg-ploiesti.ro\/?page_id=110\",\"name\":\"Proiectul DAQOR - Centrul de Consiliere \u0219i Orientare \u00een Carier\u0103\",\"isPartOf\":{\"@id\":\"http:\/\/ccoc.upg-ploiesti.ro\/#website\"},\"datePublished\":\"2017-11-23T15:04:18+00:00\",\"dateModified\":\"2022-06-02T08:48:05+00:00\",\"breadcrumb\":{\"@id\":\"http:\/\/ccoc.upg-ploiesti.ro\/?page_id=110#breadcrumb\"},\"inLanguage\":\"en-US\",\"potentialAction\":[{\"@type\":\"ReadAction\",\"target\":[\"http:\/\/ccoc.upg-ploiesti.ro\/?page_id=110\"]}]},{\"@type\":\"BreadcrumbList\",\"@id\":\"http:\/\/ccoc.upg-ploiesti.ro\/?page_id=110#breadcrumb\",\"itemListElement\":[{\"@type\":\"ListItem\",\"position\":1,\"name\":\"Home\",\"item\":\"http:\/\/ccoc.upg-ploiesti.ro\/\"},{\"@type\":\"ListItem\",\"position\":2,\"name\":\"Despre noi\",\"item\":\"http:\/\/ccoc.upg-ploiesti.ro\/?page_id=36\"},{\"@type\":\"ListItem\",\"position\":3,\"name\":\"Proiecte\",\"item\":\"http:\/\/ccoc.upg-ploiesti.ro\/?page_id=102\"},{\"@type\":\"ListItem\",\"position\":4,\"name\":\"Proiectul DAQOR\"}]},{\"@type\":\"WebSite\",\"@id\":\"http:\/\/ccoc.upg-ploiesti.ro\/#website\",\"url\":\"http:\/\/ccoc.upg-ploiesti.ro\/\",\"name\":\"Centrul de Consiliere \u0219i Orientare \u00een Carier\u0103\",\"description\":\"Universitatea Petrol-Gaze din Ploie\u0219ti\",\"potentialAction\":[{\"@type\":\"SearchAction\",\"target\":{\"@type\":\"EntryPoint\",\"urlTemplate\":\"http:\/\/ccoc.upg-ploiesti.ro\/?s={search_term_string}\"},\"query-input\":{\"@type\":\"PropertyValueSpecification\",\"valueRequired\":true,\"valueName\":\"search_term_string\"}}],\"inLanguage\":\"en-US\"}]}<\/script>\n<!-- \/ Yoast SEO plugin. -->","yoast_head_json":{"title":"Proiectul DAQOR - Centrul de Consiliere \u0219i Orientare \u00een Carier\u0103","robots":{"index":"index","follow":"follow","max-snippet":"max-snippet:-1","max-image-preview":"max-image-preview:large","max-video-preview":"max-video-preview:-1"},"canonical":"http:\/\/ccoc.upg-ploiesti.ro\/?page_id=110","og_locale":"en_US","og_type":"article","og_title":"Proiectul DAQOR - Centrul de Consiliere \u0219i Orientare \u00een Carier\u0103","og_description":"DAQOR &#8211; D\u00e9veloppement pour l\u2019Am\u00e9lioration de la Qualit\u00e9 de l\u2019ORientation DAQOR este un proiect educa\u0163ional european de tip Leonardo da Vinci care \u00ee\u015fi&nbsp; propune un parteneriat original \u00eentre universit\u0103\u0163i europene (Universit\u00e9 Bretagne Sud din Lorient, Fran\u0163a&nbsp; \u015fi Universitatea Petrol-Gaze din Ploie\u015fti, Romania) \u015fi structuri europene ale c\u0103ror misiuni se situeaz\u0103 \u00een domeniul orientarii &nbsp;(PRAO &#8211;...","og_url":"http:\/\/ccoc.upg-ploiesti.ro\/?page_id=110","og_site_name":"Centrul de Consiliere \u0219i Orientare \u00een Carier\u0103","article_modified_time":"2022-06-02T08:48:05+00:00","twitter_card":"summary_large_image","twitter_misc":{"Est. reading time":"1 minute"},"schema":{"@context":"https:\/\/schema.org","@graph":[{"@type":"WebPage","@id":"http:\/\/ccoc.upg-ploiesti.ro\/?page_id=110","url":"http:\/\/ccoc.upg-ploiesti.ro\/?page_id=110","name":"Proiectul DAQOR - Centrul de Consiliere \u0219i Orientare \u00een Carier\u0103","isPartOf":{"@id":"http:\/\/ccoc.upg-ploiesti.ro\/#website"},"datePublished":"2017-11-23T15:04:18+00:00","dateModified":"2022-06-02T08:48:05+00:00","breadcrumb":{"@id":"http:\/\/ccoc.upg-ploiesti.ro\/?page_id=110#breadcrumb"},"inLanguage":"en-US","potentialAction":[{"@type":"ReadAction","target":["http:\/\/ccoc.upg-ploiesti.ro\/?page_id=110"]}]},{"@type":"BreadcrumbList","@id":"http:\/\/ccoc.upg-ploiesti.ro\/?page_id=110#breadcrumb","itemListElement":[{"@type":"ListItem","position":1,"name":"Home","item":"http:\/\/ccoc.upg-ploiesti.ro\/"},{"@type":"ListItem","position":2,"name":"Despre noi","item":"http:\/\/ccoc.upg-ploiesti.ro\/?page_id=36"},{"@type":"ListItem","position":3,"name":"Proiecte","item":"http:\/\/ccoc.upg-ploiesti.ro\/?page_id=102"},{"@type":"ListItem","position":4,"name":"Proiectul DAQOR"}]},{"@type":"WebSite","@id":"http:\/\/ccoc.upg-ploiesti.ro\/#website","url":"http:\/\/ccoc.upg-ploiesti.ro\/","name":"Centrul de Consiliere \u0219i Orientare \u00een Carier\u0103","description":"Universitatea Petrol-Gaze din Ploie\u0219ti","potentialAction":[{"@type":"SearchAction","target":{"@type":"EntryPoint","urlTemplate":"http:\/\/ccoc.upg-ploiesti.ro\/?s={search_term_string}"},"query-input":{"@type":"PropertyValueSpecification","valueRequired":true,"valueName":"search_term_string"}}],"inLanguage":"en-US"}]}},"_links":{"self":[{"href":"http:\/\/ccoc.upg-ploiesti.ro\/index.php?rest_route=\/wp\/v2\/pages\/110","targetHints":{"allow":["GET"]}}],"collection":[{"href":"http:\/\/ccoc.upg-ploiesti.ro\/index.php?rest_route=\/wp\/v2\/pages"}],"about":[{"href":"http:\/\/ccoc.upg-ploiesti.ro\/index.php?rest_route=\/wp\/v2\/types\/page"}],"author":[{"embeddable":true,"href":"http:\/\/ccoc.upg-ploiesti.ro\/index.php?rest_route=\/wp\/v2\/users\/1"}],"replies":[{"embeddable":true,"href":"http:\/\/ccoc.upg-ploiesti.ro\/index.php?rest_route=%2Fwp%2Fv2%2Fcomments&post=110"}],"version-history":[{"count":2,"href":"http:\/\/ccoc.upg-ploiesti.ro\/index.php?rest_route=\/wp\/v2\/pages\/110\/revisions"}],"predecessor-version":[{"id":260,"href":"http:\/\/ccoc.upg-ploiesti.ro\/index.php?rest_route=\/wp\/v2\/pages\/110\/revisions\/260"}],"up":[{"embeddable":true,"href":"http:\/\/ccoc.upg-ploiesti.ro\/index.php?rest_route=\/wp\/v2\/pages\/102"}],"wp:attachment":[{"href":"http:\/\/ccoc.upg-ploiesti.ro\/index.php?rest_route=%2Fwp%2Fv2%2Fmedia&parent=110"}],"curies":[{"name":"wp","href":"https:\/\/api.w.org\/{rel}","templated":true}]}}