{"id":114,"date":"2017-11-23T17:05:51","date_gmt":"2017-11-23T15:05:51","guid":{"rendered":"http:\/\/ccoc.upg-ploiesti.ro\/?page_id=114"},"modified":"2022-06-02T11:49:22","modified_gmt":"2022-06-02T08:49:22","slug":"ora","status":"publish","type":"page","link":"http:\/\/ccoc.upg-ploiesti.ro\/?page_id=114","title":{"rendered":"Proiectul ORA"},"content":{"rendered":"<p><strong>ORienter Autrement (ORA)<\/strong><\/p>\n<p>Proiectul ORA este realizat \u00een cadrul programului Leonardo da Vinci \u201cTransfer de inovare\u201d; a debutat \u00een luna noiembrie, 2011 \u015fi se \u00eentinde pe o perioad\u0103 de 24 de luni.<\/p>\n<p>Proiectul ORA are drept scop ameliorarea procesului de orientare \u00een societate a persoanelor \u00een situa\u0163ie de handicap &nbsp;favoriz\u00e2nd&nbsp; participarea lor deplin\u0103 \u015fi f\u0103c\u00e2nd mai vizibile, mai cunoscute \u015fi mai profesionale serviciile de orientare disponibile.<\/p>\n<p><strong><em>Context<\/em><\/strong><\/p>\n<p>\u00cen Europa persoanele \u00een situa\u0163ie de handicap (PSH) sunt adeseori orientate s\u0103 se integreze \u00een societate \u00een mod aleatoriu. Ele nu sunt considerate drept persoane capabile s\u0103 se orienteze \u015fi s\u0103-\u015fi exprime propriile p\u0103reri \u015fi a\u015ftept\u0103ri. Astfel, ele se g\u0103sesc \u00een fa\u0163a unei oferte de servicii de orientare foarte fragmentat\u0103, pu\u0163in \u00een\u0163eleas\u0103 \u015fi vizibil\u0103 \u015fi \u00een care le este dificil s\u0103 se reg\u0103seasc\u0103. Acest lucru compromite siguran\u0163a parcursului lor profesional.<\/p>\n<p>De altfel, practicile dezvoltate de profesioni\u015ftii specializa\u0163i \u00een \u00eencadrarea pedagogic\u0103 \u015fi\/sau profesional\u0103 a persoanelor \u00een situa\u0163ie de handicap ar putea fi \u00eembun\u0103t\u0103\u0163ite&nbsp; dac\u0103 acestea ar putea fi &nbsp;capitalizate, valorizare \u015fi recunoscute.<\/p>\n<p>Astfel serviciile de asisten\u0163\u0103 oferite persoanelor \u00een situa\u0163ie de handicap pentru construirea unor proiecte personale \u015fi profesionale trebuie ameliorate pentru ca acestea s\u0103 poat\u0103 avea \u015fi valorifica c\u00e2t mai multe oportunit\u0103\u0163i.<\/p>\n<p><strong><em>Obiectivele proiectului:<\/em><\/strong><\/p>\n<ul>\n<li>dezvoltarea unor proceduri de orientare activ\u0103 \u00een societate a persoanelor \u00een situa\u021bie de handicap, care plasez\u0103 persoana \u00een centrul planului de orientare;<\/li>\n<li>cre\u015fterea vizibilit\u0103\u0163ii \u015fi a complementarit\u0103\u0163ii actorilor din domeniul incluziunii sociale a persoanelor \u00een situa\u0163ie de handicap;<\/li>\n<li>profesionalizarea pedagogilor\/profesioni\u015ftilor care \u00eencadreaz\u0103 PSH prin stimularea reflec\u0163iei \u015fi a schimburilor &nbsp;de experien\u0163\u0103 asupra practicilor de orientare \u015fi formare a persoanelor \u00een situa\u0163ie de handicap.<\/li>\n<\/ul>\n<p><strong><em>Public \u0163int\u0103<\/em><\/strong><\/p>\n<ul>\n<li>persoanele \u00een situa\u0163ie de handicap apte de munc\u0103;<\/li>\n<li>consilierii a c\u0103ror misiune const\u0103 \u00een orientarea persoanelor \u00een situa\u0163ie de handicap c\u0103tre g\u0103sirea unei profesii \u015fi acordarea de sprijin la locul de munc\u0103;<\/li>\n<\/ul>\n<p><strong><em>Parteneri:<\/em><\/strong><\/p>\n<p>Acest parteneriat este compus&nbsp;din:<\/p>\n<ul>\n<li>structuri de teren ce lucreaz\u0103 cu publicul-\u0163int\u0103 \u015fi cu federa\u0163iile ce reprezint\u0103 \u00eentreprinderile din sectorul de munc\u0103 adaptat \u015fi lucr\u0103torii;<\/li>\n<li>organiza\u0163ii dotate cu expertiz\u0103 \u00een domeniul orient\u0103rii de-a lungul vie\u0163ii;<\/li>\n<li>organiza\u0163ii experimentate \u00een gestiunea proiectelor europene.<\/li>\n<\/ul>\n<p><em>Lista partenerilor:<\/em><\/p>\n<ul>\n<li><strong>Pour la Solidarit\u00e9 asbl<\/strong><strong> \u2013 Belgia&nbsp; <a href=\"http:\/\/www.pourlasolidarite.eu\/\">pourlasolidarite.eu<\/a><\/strong><\/li>\n<li><strong>Entente Wallonne des Entreprises de Travail Adapt\u00e9 (EWETA)<\/strong><strong> \u2013 Belgia <a href=\"http:\/\/www.eweta.be\/\">eweta.be<\/a><\/strong><\/li>\n<li><strong>Universit\u00e9 Bretagne-Sud (UBS)<\/strong><strong> \u2013 Fran\u0163a <a href=\"http:\/\/www.univ-ubs.fr\">univ-ubs.fr<\/a><\/strong><\/li>\n<li><strong>Association de Parents et Amis de Personne Handicap\u00e9es Intellectuelle du Valenciennois<\/strong><strong> \u2013 Fran\u0163a <a href=\"http:\/\/www.apei-valenciennes.com\/\">apei-valenciennes.com<\/a><\/strong><\/li>\n<li><strong>Association des Paralys\u00e9s de France (APF)<\/strong> <strong>\u00abLes Ateliers du Haut Vinage\u00bb<\/strong><strong> \u2013 Fran\u0163a <a href=\"http:\/\/www.apf.asso.fr\/\">apf.asso.fr<\/a><\/strong><\/li>\n<li><strong>Universitatea Petrol-Gaze din Ploiesti<\/strong><strong> \u2013 Rom\u00e2nia <a href=\"http:\/\/www.upg-ploiesti.ro\/\">upg-ploiesti.ro<\/a><\/strong><\/li>\n<li><strong>Conf\u00e9d\u00e9ration du Travail PODKREPA<\/strong><strong> \u2013 Bulgaria <a href=\"http:\/\/www.podkrepa.org\/\">podkrepa.org<\/a><\/strong><\/li>\n<\/ul>\n","protected":false},"excerpt":{"rendered":"<p>ORienter Autrement (ORA) Proiectul ORA este realizat \u00een cadrul programului Leonardo da Vinci \u201cTransfer de inovare\u201d; a debutat \u00een luna noiembrie, 2011 \u015fi se \u00eentinde pe o perioad\u0103 de 24 de luni. Proiectul ORA are drept scop ameliorarea procesului de orientare \u00een societate a persoanelor \u00een situa\u0163ie de handicap &nbsp;favoriz\u00e2nd&nbsp; participarea lor deplin\u0103 \u015fi f\u0103c\u00e2nd&#8230;<\/p>\n","protected":false},"author":1,"featured_media":0,"parent":102,"menu_order":0,"comment_status":"closed","ping_status":"closed","template":"","meta":{"_kad_post_transparent":"","_kad_post_title":"","_kad_post_layout":"","_kad_post_sidebar_id":"","_kad_post_content_style":"","_kad_post_vertical_padding":"","_kad_post_feature":"","_kad_post_feature_position":"","_kad_post_header":false,"_kad_post_footer":false,"footnotes":""},"class_list":["post-114","page","type-page","status-publish","hentry"],"yoast_head":"<!-- This site is optimized with the Yoast SEO plugin v24.5 - https:\/\/yoast.com\/wordpress\/plugins\/seo\/ -->\n<title>Proiectul ORA - Centrul de Consiliere \u0219i Orientare \u00een Carier\u0103<\/title>\n<meta name=\"robots\" content=\"index, follow, max-snippet:-1, max-image-preview:large, max-video-preview:-1\" \/>\n<link rel=\"canonical\" href=\"http:\/\/ccoc.upg-ploiesti.ro\/?page_id=114\" \/>\n<meta property=\"og:locale\" content=\"en_US\" \/>\n<meta property=\"og:type\" content=\"article\" \/>\n<meta property=\"og:title\" content=\"Proiectul ORA - Centrul de Consiliere \u0219i Orientare \u00een Carier\u0103\" \/>\n<meta property=\"og:description\" content=\"ORienter Autrement (ORA) Proiectul ORA este realizat \u00een cadrul programului Leonardo da Vinci \u201cTransfer de inovare\u201d; a debutat \u00een luna noiembrie, 2011 \u015fi se \u00eentinde pe o perioad\u0103 de 24 de luni. Proiectul ORA are drept scop ameliorarea procesului de orientare \u00een societate a persoanelor \u00een situa\u0163ie de handicap &nbsp;favoriz\u00e2nd&nbsp; participarea lor deplin\u0103 \u015fi f\u0103c\u00e2nd...\" \/>\n<meta property=\"og:url\" content=\"http:\/\/ccoc.upg-ploiesti.ro\/?page_id=114\" \/>\n<meta property=\"og:site_name\" content=\"Centrul de Consiliere \u0219i Orientare \u00een Carier\u0103\" \/>\n<meta property=\"article:modified_time\" content=\"2022-06-02T08:49:22+00:00\" \/>\n<meta name=\"twitter:card\" content=\"summary_large_image\" \/>\n<meta name=\"twitter:label1\" content=\"Est. reading time\" \/>\n\t<meta name=\"twitter:data1\" content=\"2 minutes\" \/>\n<script type=\"application\/ld+json\" class=\"yoast-schema-graph\">{\"@context\":\"https:\/\/schema.org\",\"@graph\":[{\"@type\":\"WebPage\",\"@id\":\"http:\/\/ccoc.upg-ploiesti.ro\/?page_id=114\",\"url\":\"http:\/\/ccoc.upg-ploiesti.ro\/?page_id=114\",\"name\":\"Proiectul ORA - Centrul de Consiliere \u0219i Orientare \u00een Carier\u0103\",\"isPartOf\":{\"@id\":\"http:\/\/ccoc.upg-ploiesti.ro\/#website\"},\"datePublished\":\"2017-11-23T15:05:51+00:00\",\"dateModified\":\"2022-06-02T08:49:22+00:00\",\"breadcrumb\":{\"@id\":\"http:\/\/ccoc.upg-ploiesti.ro\/?page_id=114#breadcrumb\"},\"inLanguage\":\"en-US\",\"potentialAction\":[{\"@type\":\"ReadAction\",\"target\":[\"http:\/\/ccoc.upg-ploiesti.ro\/?page_id=114\"]}]},{\"@type\":\"BreadcrumbList\",\"@id\":\"http:\/\/ccoc.upg-ploiesti.ro\/?page_id=114#breadcrumb\",\"itemListElement\":[{\"@type\":\"ListItem\",\"position\":1,\"name\":\"Home\",\"item\":\"http:\/\/ccoc.upg-ploiesti.ro\/\"},{\"@type\":\"ListItem\",\"position\":2,\"name\":\"Despre noi\",\"item\":\"http:\/\/ccoc.upg-ploiesti.ro\/?page_id=36\"},{\"@type\":\"ListItem\",\"position\":3,\"name\":\"Proiecte\",\"item\":\"http:\/\/ccoc.upg-ploiesti.ro\/?page_id=102\"},{\"@type\":\"ListItem\",\"position\":4,\"name\":\"Proiectul ORA\"}]},{\"@type\":\"WebSite\",\"@id\":\"http:\/\/ccoc.upg-ploiesti.ro\/#website\",\"url\":\"http:\/\/ccoc.upg-ploiesti.ro\/\",\"name\":\"Centrul de Consiliere \u0219i Orientare \u00een Carier\u0103\",\"description\":\"Universitatea Petrol-Gaze din Ploie\u0219ti\",\"potentialAction\":[{\"@type\":\"SearchAction\",\"target\":{\"@type\":\"EntryPoint\",\"urlTemplate\":\"http:\/\/ccoc.upg-ploiesti.ro\/?s={search_term_string}\"},\"query-input\":{\"@type\":\"PropertyValueSpecification\",\"valueRequired\":true,\"valueName\":\"search_term_string\"}}],\"inLanguage\":\"en-US\"}]}<\/script>\n<!-- \/ Yoast SEO plugin. -->","yoast_head_json":{"title":"Proiectul ORA - Centrul de Consiliere \u0219i Orientare \u00een Carier\u0103","robots":{"index":"index","follow":"follow","max-snippet":"max-snippet:-1","max-image-preview":"max-image-preview:large","max-video-preview":"max-video-preview:-1"},"canonical":"http:\/\/ccoc.upg-ploiesti.ro\/?page_id=114","og_locale":"en_US","og_type":"article","og_title":"Proiectul ORA - Centrul de Consiliere \u0219i Orientare \u00een Carier\u0103","og_description":"ORienter Autrement (ORA) Proiectul ORA este realizat \u00een cadrul programului Leonardo da Vinci \u201cTransfer de inovare\u201d; a debutat \u00een luna noiembrie, 2011 \u015fi se \u00eentinde pe o perioad\u0103 de 24 de luni. Proiectul ORA are drept scop ameliorarea procesului de orientare \u00een societate a persoanelor \u00een situa\u0163ie de handicap &nbsp;favoriz\u00e2nd&nbsp; participarea lor deplin\u0103 \u015fi f\u0103c\u00e2nd...","og_url":"http:\/\/ccoc.upg-ploiesti.ro\/?page_id=114","og_site_name":"Centrul de Consiliere \u0219i Orientare \u00een Carier\u0103","article_modified_time":"2022-06-02T08:49:22+00:00","twitter_card":"summary_large_image","twitter_misc":{"Est. reading time":"2 minutes"},"schema":{"@context":"https:\/\/schema.org","@graph":[{"@type":"WebPage","@id":"http:\/\/ccoc.upg-ploiesti.ro\/?page_id=114","url":"http:\/\/ccoc.upg-ploiesti.ro\/?page_id=114","name":"Proiectul ORA - Centrul de Consiliere \u0219i Orientare \u00een Carier\u0103","isPartOf":{"@id":"http:\/\/ccoc.upg-ploiesti.ro\/#website"},"datePublished":"2017-11-23T15:05:51+00:00","dateModified":"2022-06-02T08:49:22+00:00","breadcrumb":{"@id":"http:\/\/ccoc.upg-ploiesti.ro\/?page_id=114#breadcrumb"},"inLanguage":"en-US","potentialAction":[{"@type":"ReadAction","target":["http:\/\/ccoc.upg-ploiesti.ro\/?page_id=114"]}]},{"@type":"BreadcrumbList","@id":"http:\/\/ccoc.upg-ploiesti.ro\/?page_id=114#breadcrumb","itemListElement":[{"@type":"ListItem","position":1,"name":"Home","item":"http:\/\/ccoc.upg-ploiesti.ro\/"},{"@type":"ListItem","position":2,"name":"Despre noi","item":"http:\/\/ccoc.upg-ploiesti.ro\/?page_id=36"},{"@type":"ListItem","position":3,"name":"Proiecte","item":"http:\/\/ccoc.upg-ploiesti.ro\/?page_id=102"},{"@type":"ListItem","position":4,"name":"Proiectul ORA"}]},{"@type":"WebSite","@id":"http:\/\/ccoc.upg-ploiesti.ro\/#website","url":"http:\/\/ccoc.upg-ploiesti.ro\/","name":"Centrul de Consiliere \u0219i Orientare \u00een Carier\u0103","description":"Universitatea Petrol-Gaze din Ploie\u0219ti","potentialAction":[{"@type":"SearchAction","target":{"@type":"EntryPoint","urlTemplate":"http:\/\/ccoc.upg-ploiesti.ro\/?s={search_term_string}"},"query-input":{"@type":"PropertyValueSpecification","valueRequired":true,"valueName":"search_term_string"}}],"inLanguage":"en-US"}]}},"_links":{"self":[{"href":"http:\/\/ccoc.upg-ploiesti.ro\/index.php?rest_route=\/wp\/v2\/pages\/114","targetHints":{"allow":["GET"]}}],"collection":[{"href":"http:\/\/ccoc.upg-ploiesti.ro\/index.php?rest_route=\/wp\/v2\/pages"}],"about":[{"href":"http:\/\/ccoc.upg-ploiesti.ro\/index.php?rest_route=\/wp\/v2\/types\/page"}],"author":[{"embeddable":true,"href":"http:\/\/ccoc.upg-ploiesti.ro\/index.php?rest_route=\/wp\/v2\/users\/1"}],"replies":[{"embeddable":true,"href":"http:\/\/ccoc.upg-ploiesti.ro\/index.php?rest_route=%2Fwp%2Fv2%2Fcomments&post=114"}],"version-history":[{"count":2,"href":"http:\/\/ccoc.upg-ploiesti.ro\/index.php?rest_route=\/wp\/v2\/pages\/114\/revisions"}],"predecessor-version":[{"id":262,"href":"http:\/\/ccoc.upg-ploiesti.ro\/index.php?rest_route=\/wp\/v2\/pages\/114\/revisions\/262"}],"up":[{"embeddable":true,"href":"http:\/\/ccoc.upg-ploiesti.ro\/index.php?rest_route=\/wp\/v2\/pages\/102"}],"wp:attachment":[{"href":"http:\/\/ccoc.upg-ploiesti.ro\/index.php?rest_route=%2Fwp%2Fv2%2Fmedia&parent=114"}],"curies":[{"name":"wp","href":"https:\/\/api.w.org\/{rel}","templated":true}]}}