{"id":296,"date":"2022-06-02T14:23:51","date_gmt":"2022-06-02T11:23:51","guid":{"rendered":"http:\/\/ccoc.upg-ploiesti.ro\/?page_id=296"},"modified":"2022-06-02T14:23:52","modified_gmt":"2022-06-02T11:23:52","slug":"introducere-in-managementul-carierei","status":"publish","type":"page","link":"http:\/\/ccoc.upg-ploiesti.ro\/?page_id=296","title":{"rendered":"Introducere \u00een managementul carierei"},"content":{"rendered":"\n<p><strong>&#8220;Cariera <\/strong>reprezint\u0103 traseul interconectat al locurilor de munc\u0103, pozi\u021biilor \u0219i experien\u021belor de via\u021b\u0103 ale unei persoanei de-a lungul vie\u021bii sale, care urm\u0103re\u0219te schimb\u0103rile de preferin\u021be, atitudine, experien\u021b\u0103 \u0219i comportament ale individului. Gestionarea carierei este un proces de lung\u0103 durat\u0103, care presupune dezvoltarea personal\u0103, planificarea carierei, crearea profilului personal, alegerea unei organiza\u021bii de lucru adecvate etc.<\/p>\n\n\n\n<p><strong>Managementul carierei<\/strong> reprezint\u0103 procesul prin care urm\u0103ri\u021bi, aranja\u021bi \u0219i direc\u021biona\u021bi poten\u021bialul dvs. \u00eenspre realizarea obiectivelor \u0219i dorin\u021belor stabilite \u00een avans. Omul ar trebui s\u0103-\u0219i gestioneze cariera ca \u0219i pe o companie. Cea mai bun\u0103 atitudine este cea de angajat al propriei dvs. persoane. Prin urmare trebuie s\u0103 efectua\u021bi fiecare activitate c\u00e2t mai bine cu putin\u021b\u0103. La baza gestion\u0103rii carierei st\u0103 un nivel ridicat de cunoa\u0219tere de sine. Trebuie s\u0103 \u0219ti\u021bi care v\u0103 sunt avantajele, dezavantajele, cum s\u0103 consolida\u021bi avantajele, cum s\u0103 \u00eenl\u0103tura\u021bi dezavantajele de-a lungul timpului.<\/p>\n\n\n\n<p>O mare problem\u0103 este c\u0103 majoritatea oamenilor nu fac planuri pentru dezvoltarea carierei, ci reac\u021bioneaz\u0103 inert. Aceast\u0103 atitudine are drept consecin\u021b\u0103 o carier\u0103 proast\u0103 \u0219i nemul\u021bumire fa\u021b\u0103 de propria via\u021b\u0103. Planificarea este principala baz\u0103 a gestion\u0103rii carierei; chiar dac\u0103 aceast\u0103 planificare ofer\u0103 numai cadre pentru luarea deciziilor privind posibilit\u0103\u021bile ap\u0103rute \u00een momentul definirii priorit\u0103\u021bilor. Cu c\u00e2t depune\u021bi mai mult efort \u00een gestionarea propriei cariere, cu at\u00e2t cre\u0219te probabilitatea c\u0103 obiectivele stabilite se vor materializa.<\/p>\n\n\n\n<p><strong>Pa\u0219i \u00een gestionarea carierei &#8211; modelul GROW<\/strong>:<\/p>\n\n\n\n<ol class=\"wp-block-list\"><li>Stabili\u021bi scopul carierei (Goal)<\/li><li>Stabili\u021bi starea curent\u0103 (Reality)<\/li><li>Stabili\u021bi solu\u021biile\/ modurile \u00een care ve\u021bi realiza obiectivul (Options)<\/li><li>Urm\u0103ri\u021bi realiz\u0103rile (Will)<\/li><\/ol>\n\n\n\n<p><strong>Elementele dezvolt\u0103rii carierei <\/strong>sunt:<\/p>\n\n\n\n<p>1. Dezvoltarea la locul de munc\u0103 (on-the-job):<\/p>\n\n\n\n<ul class=\"wp-block-list\"><li>Educa\u021bie continu\u0103 specializat\u0103,<\/li><li>Coaching,<\/li><li>Mentoring,<\/li><li>Programe rota\u021bionale,<\/li><li>Consiliere,<\/li><li>\u00cemp\u0103rt\u0103\u0219irea cuno\u0219tin\u021belor \u0219i experien\u021belor,<\/li><li>\u00cembog\u0103\u021birea fi\u0219ei postului,<\/li><li>Auto-cunoa\u0219tere \/ Auto-dezvoltare,<\/li><li>Lucrul pe proiect \/ management de proiect.<\/li><\/ul>\n\n\n\n<p>2.Dezvoltare pe baz\u0103 de training (intern \/ extern):<\/p>\n\n\n\n<ul class=\"wp-block-list\"><li>Perfec\u021bionare de specialitate<\/li><li>Training pentru dezvoltarea competen\u021belor.<\/li><\/ul>\n\n\n\n<p>3. Consiliere \u00een carier\u0103 (\u00een cadrul organiza\u021biilor de top se desf\u0103\u0219oar\u0103 o consiliere intern\u0103 pentru carier\u0103):<\/p>\n\n\n\n<ul class=\"wp-block-list\"><li>Workshop-uri pentru planificarea carierei<\/li><li>Programe interactive pentru construirea unei cariere<\/li><\/ul>\n\n\n\n<p>Angajatorii apreciaz\u0103 din ce \u00een ce mai mult experien\u021ba educa\u021bional\u0103 ob\u021binut\u0103 independent de educa\u021bia formal\u0103, aceasta fiind cea dob\u00e2ndit\u0103 \u00een timpul liber, a\u0219a-numita educa\u021bie informal\u0103. Studiul pe via\u021b\u0103 este esen\u021bial pentru cariera dvs. De aceea face\u021bi tot ce v\u0103 st\u0103 \u00een putere ca s\u0103 v\u0103 perfec\u021biona\u021bi \u00een mod suplimentar. Siguran\u021ba nu st\u0103 \u00een faptul s\u0103 v\u0103 g\u0103si\u021bi un loc de munc\u0103 \u0219i totul s\u0103 se termine aici.<\/p>\n\n\n\n<p>Siguran\u021ba const\u0103 \u00een faptul c\u0103 pute\u021bi fi angaja\u021bi, c\u0103 \u00eentotdeauna pute\u021bi g\u0103si un loc de munc\u0103. Aceasta \u00eenseamn\u0103 c\u0103 trebuie s\u0103 fi\u021bi \u00eenzestra\u0163i cu cuno\u0219tin\u021be, abilit\u0103\u021bi, informa\u021bii \u0219i s\u0103 urm\u0103ri\u021bi toate tendin\u021bele. De asemenea, \u021bine\u021bi cont de faptul c\u0103 factorul cheie al succesului \u00een carier\u0103 este motiva\u021bia!&#8221;<\/p>\n\n\n\n<p>(preluat de pe <a href=\"http:\/\/www.google.com\/url?q=http%3A%2F%2Fwww.dezvoltarea-carierei.com%2Fbaza_znanja%2Fce-este-cariera-si-de-ce-este-important-sa-o-gestionezi&amp;sa=D&amp;sntz=1&amp;usg=AOvVaw0i-gElS4sCb-1h_89wjDho\" target=\"_blank\" rel=\"noreferrer noopener\">http:\/\/www.dezvoltarea-carierei.com\/baza_znanja\/ce-este-cariera-si-de-ce-este-important-sa-o-gestionezi<\/a>)<\/p>\n","protected":false},"excerpt":{"rendered":"<p>&#8220;Cariera reprezint\u0103 traseul interconectat al locurilor de munc\u0103, pozi\u021biilor \u0219i experien\u021belor de via\u021b\u0103 ale unei persoanei de-a lungul vie\u021bii sale, care urm\u0103re\u0219te schimb\u0103rile de preferin\u021be, atitudine, experien\u021b\u0103 \u0219i comportament ale individului. Gestionarea carierei este un proces de lung\u0103 durat\u0103, care presupune dezvoltarea personal\u0103, planificarea carierei, crearea profilului personal, alegerea unei organiza\u021bii de lucru adecvate etc&#8230;.<\/p>\n","protected":false},"author":1,"featured_media":0,"parent":66,"menu_order":0,"comment_status":"closed","ping_status":"closed","template":"","meta":{"_kad_post_transparent":"","_kad_post_title":"","_kad_post_layout":"","_kad_post_sidebar_id":"","_kad_post_content_style":"","_kad_post_vertical_padding":"","_kad_post_feature":"","_kad_post_feature_position":"","_kad_post_header":false,"_kad_post_footer":false,"footnotes":""},"class_list":["post-296","page","type-page","status-publish","hentry"],"yoast_head":"<!-- This site is optimized with the Yoast SEO plugin v24.5 - https:\/\/yoast.com\/wordpress\/plugins\/seo\/ -->\n<title>Introducere \u00een managementul carierei - Centrul de Consiliere \u0219i Orientare \u00een Carier\u0103<\/title>\n<meta name=\"robots\" content=\"index, follow, max-snippet:-1, max-image-preview:large, max-video-preview:-1\" \/>\n<link rel=\"canonical\" href=\"http:\/\/ccoc.upg-ploiesti.ro\/?page_id=296\" \/>\n<meta property=\"og:locale\" content=\"en_US\" \/>\n<meta property=\"og:type\" content=\"article\" \/>\n<meta property=\"og:title\" content=\"Introducere \u00een managementul carierei - Centrul de Consiliere \u0219i Orientare \u00een Carier\u0103\" \/>\n<meta property=\"og:description\" content=\"&#8220;Cariera reprezint\u0103 traseul interconectat al locurilor de munc\u0103, pozi\u021biilor \u0219i experien\u021belor de via\u021b\u0103 ale unei persoanei de-a lungul vie\u021bii sale, care urm\u0103re\u0219te schimb\u0103rile de preferin\u021be, atitudine, experien\u021b\u0103 \u0219i comportament ale individului. Gestionarea carierei este un proces de lung\u0103 durat\u0103, care presupune dezvoltarea personal\u0103, planificarea carierei, crearea profilului personal, alegerea unei organiza\u021bii de lucru adecvate etc....\" \/>\n<meta property=\"og:url\" content=\"http:\/\/ccoc.upg-ploiesti.ro\/?page_id=296\" \/>\n<meta property=\"og:site_name\" content=\"Centrul de Consiliere \u0219i Orientare \u00een Carier\u0103\" \/>\n<meta property=\"article:modified_time\" content=\"2022-06-02T11:23:52+00:00\" \/>\n<meta name=\"twitter:card\" content=\"summary_large_image\" \/>\n<meta name=\"twitter:label1\" content=\"Est. reading time\" \/>\n\t<meta name=\"twitter:data1\" content=\"2 minutes\" \/>\n<script type=\"application\/ld+json\" class=\"yoast-schema-graph\">{\"@context\":\"https:\/\/schema.org\",\"@graph\":[{\"@type\":\"WebPage\",\"@id\":\"http:\/\/ccoc.upg-ploiesti.ro\/?page_id=296\",\"url\":\"http:\/\/ccoc.upg-ploiesti.ro\/?page_id=296\",\"name\":\"Introducere \u00een managementul carierei - Centrul de Consiliere \u0219i Orientare \u00een Carier\u0103\",\"isPartOf\":{\"@id\":\"http:\/\/ccoc.upg-ploiesti.ro\/#website\"},\"datePublished\":\"2022-06-02T11:23:51+00:00\",\"dateModified\":\"2022-06-02T11:23:52+00:00\",\"breadcrumb\":{\"@id\":\"http:\/\/ccoc.upg-ploiesti.ro\/?page_id=296#breadcrumb\"},\"inLanguage\":\"en-US\",\"potentialAction\":[{\"@type\":\"ReadAction\",\"target\":[\"http:\/\/ccoc.upg-ploiesti.ro\/?page_id=296\"]}]},{\"@type\":\"BreadcrumbList\",\"@id\":\"http:\/\/ccoc.upg-ploiesti.ro\/?page_id=296#breadcrumb\",\"itemListElement\":[{\"@type\":\"ListItem\",\"position\":1,\"name\":\"Home\",\"item\":\"http:\/\/ccoc.upg-ploiesti.ro\/\"},{\"@type\":\"ListItem\",\"position\":2,\"name\":\"Consiliere \u0219i orientare\",\"item\":\"http:\/\/ccoc.upg-ploiesti.ro\/?page_id=66\"},{\"@type\":\"ListItem\",\"position\":3,\"name\":\"Introducere \u00een managementul carierei\"}]},{\"@type\":\"WebSite\",\"@id\":\"http:\/\/ccoc.upg-ploiesti.ro\/#website\",\"url\":\"http:\/\/ccoc.upg-ploiesti.ro\/\",\"name\":\"Centrul de Consiliere \u0219i Orientare \u00een Carier\u0103\",\"description\":\"Universitatea Petrol-Gaze din Ploie\u0219ti\",\"potentialAction\":[{\"@type\":\"SearchAction\",\"target\":{\"@type\":\"EntryPoint\",\"urlTemplate\":\"http:\/\/ccoc.upg-ploiesti.ro\/?s={search_term_string}\"},\"query-input\":{\"@type\":\"PropertyValueSpecification\",\"valueRequired\":true,\"valueName\":\"search_term_string\"}}],\"inLanguage\":\"en-US\"}]}<\/script>\n<!-- \/ Yoast SEO plugin. -->","yoast_head_json":{"title":"Introducere \u00een managementul carierei - Centrul de Consiliere \u0219i Orientare \u00een Carier\u0103","robots":{"index":"index","follow":"follow","max-snippet":"max-snippet:-1","max-image-preview":"max-image-preview:large","max-video-preview":"max-video-preview:-1"},"canonical":"http:\/\/ccoc.upg-ploiesti.ro\/?page_id=296","og_locale":"en_US","og_type":"article","og_title":"Introducere \u00een managementul carierei - Centrul de Consiliere \u0219i Orientare \u00een Carier\u0103","og_description":"&#8220;Cariera reprezint\u0103 traseul interconectat al locurilor de munc\u0103, pozi\u021biilor \u0219i experien\u021belor de via\u021b\u0103 ale unei persoanei de-a lungul vie\u021bii sale, care urm\u0103re\u0219te schimb\u0103rile de preferin\u021be, atitudine, experien\u021b\u0103 \u0219i comportament ale individului. Gestionarea carierei este un proces de lung\u0103 durat\u0103, care presupune dezvoltarea personal\u0103, planificarea carierei, crearea profilului personal, alegerea unei organiza\u021bii de lucru adecvate etc....","og_url":"http:\/\/ccoc.upg-ploiesti.ro\/?page_id=296","og_site_name":"Centrul de Consiliere \u0219i Orientare \u00een Carier\u0103","article_modified_time":"2022-06-02T11:23:52+00:00","twitter_card":"summary_large_image","twitter_misc":{"Est. reading time":"2 minutes"},"schema":{"@context":"https:\/\/schema.org","@graph":[{"@type":"WebPage","@id":"http:\/\/ccoc.upg-ploiesti.ro\/?page_id=296","url":"http:\/\/ccoc.upg-ploiesti.ro\/?page_id=296","name":"Introducere \u00een managementul carierei - Centrul de Consiliere \u0219i Orientare \u00een Carier\u0103","isPartOf":{"@id":"http:\/\/ccoc.upg-ploiesti.ro\/#website"},"datePublished":"2022-06-02T11:23:51+00:00","dateModified":"2022-06-02T11:23:52+00:00","breadcrumb":{"@id":"http:\/\/ccoc.upg-ploiesti.ro\/?page_id=296#breadcrumb"},"inLanguage":"en-US","potentialAction":[{"@type":"ReadAction","target":["http:\/\/ccoc.upg-ploiesti.ro\/?page_id=296"]}]},{"@type":"BreadcrumbList","@id":"http:\/\/ccoc.upg-ploiesti.ro\/?page_id=296#breadcrumb","itemListElement":[{"@type":"ListItem","position":1,"name":"Home","item":"http:\/\/ccoc.upg-ploiesti.ro\/"},{"@type":"ListItem","position":2,"name":"Consiliere \u0219i orientare","item":"http:\/\/ccoc.upg-ploiesti.ro\/?page_id=66"},{"@type":"ListItem","position":3,"name":"Introducere \u00een managementul carierei"}]},{"@type":"WebSite","@id":"http:\/\/ccoc.upg-ploiesti.ro\/#website","url":"http:\/\/ccoc.upg-ploiesti.ro\/","name":"Centrul de Consiliere \u0219i Orientare \u00een Carier\u0103","description":"Universitatea Petrol-Gaze din Ploie\u0219ti","potentialAction":[{"@type":"SearchAction","target":{"@type":"EntryPoint","urlTemplate":"http:\/\/ccoc.upg-ploiesti.ro\/?s={search_term_string}"},"query-input":{"@type":"PropertyValueSpecification","valueRequired":true,"valueName":"search_term_string"}}],"inLanguage":"en-US"}]}},"_links":{"self":[{"href":"http:\/\/ccoc.upg-ploiesti.ro\/index.php?rest_route=\/wp\/v2\/pages\/296","targetHints":{"allow":["GET"]}}],"collection":[{"href":"http:\/\/ccoc.upg-ploiesti.ro\/index.php?rest_route=\/wp\/v2\/pages"}],"about":[{"href":"http:\/\/ccoc.upg-ploiesti.ro\/index.php?rest_route=\/wp\/v2\/types\/page"}],"author":[{"embeddable":true,"href":"http:\/\/ccoc.upg-ploiesti.ro\/index.php?rest_route=\/wp\/v2\/users\/1"}],"replies":[{"embeddable":true,"href":"http:\/\/ccoc.upg-ploiesti.ro\/index.php?rest_route=%2Fwp%2Fv2%2Fcomments&post=296"}],"version-history":[{"count":1,"href":"http:\/\/ccoc.upg-ploiesti.ro\/index.php?rest_route=\/wp\/v2\/pages\/296\/revisions"}],"predecessor-version":[{"id":297,"href":"http:\/\/ccoc.upg-ploiesti.ro\/index.php?rest_route=\/wp\/v2\/pages\/296\/revisions\/297"}],"up":[{"embeddable":true,"href":"http:\/\/ccoc.upg-ploiesti.ro\/index.php?rest_route=\/wp\/v2\/pages\/66"}],"wp:attachment":[{"href":"http:\/\/ccoc.upg-ploiesti.ro\/index.php?rest_route=%2Fwp%2Fv2%2Fmedia&parent=296"}],"curies":[{"name":"wp","href":"https:\/\/api.w.org\/{rel}","templated":true}]}}