{"id":47,"date":"2017-11-23T16:36:45","date_gmt":"2017-11-23T14:36:45","guid":{"rendered":"http:\/\/ccoc.upg-ploiesti.ro\/?page_id=47"},"modified":"2022-06-02T11:45:25","modified_gmt":"2022-06-02T08:45:25","slug":"descopera-linkedin","status":"publish","type":"page","link":"http:\/\/ccoc.upg-ploiesti.ro\/?page_id=47","title":{"rendered":"Descoper\u0103 LinkedIn (workshop)"},"content":{"rendered":"<p><strong>Descoper\u0103 Linkedln \u015fi reflecteaz\u0103 asupra con\u0163inutului s\u0103u!<\/strong><\/p>\n<p>Clar, concis \u015fi relevant, profilul t\u0103u LinkedIn poate deveni poarta de acces c\u0103tre jobul mult dorit.<\/p>\n<p>Devenit\u0103 principalul mediu de sourcing al angajatorilor sau al companiilor de recrutare, platforma LinkedIn \u00ee\u0163i ofer\u0103, \u00een acela\u015fi timp, posibilitatea de a te informa \u015fi de a interac\u0163iona, \u00een timp real, cu mediul profesional de care e\u015fti interesat.<\/p>\n<p><strong><em>Obiectivele atelierului:<\/em><\/strong><\/p>\n<ul>\n<li>cunoa\u015fterea principalelor func\u0163ii ale instrumentului;<\/li>\n<li>selectarea informa\u0163iilor relevante din punct de vedere profesional \u015fi expunerea lor \u00eentr-o form\u0103 concis\u0103, dar atractiv\u0103;<\/li>\n<li>deschiderea unui cont LinkedIn &nbsp;\u015fi completarea integral\u0103 a acestuia.<\/li>\n<\/ul>\n<p><strong><em>Public \u0163int\u0103:<\/em><\/strong><\/p>\n<ul>\n<li>studen\u0163i la programele de licen\u0163\u0103\/masterat;<\/li>\n<li>maxim 8 studen\u0163i\/atelier.<\/li>\n<\/ul>\n<p><strong><em>Durata:<\/em><\/strong> 1 or\u0103.<\/p>\n","protected":false},"excerpt":{"rendered":"<p>Descoper\u0103 Linkedln \u015fi reflecteaz\u0103 asupra con\u0163inutului s\u0103u! Clar, concis \u015fi relevant, profilul t\u0103u LinkedIn poate deveni poarta de acces c\u0103tre jobul mult dorit. Devenit\u0103 principalul mediu de sourcing al angajatorilor sau al companiilor de recrutare, platforma LinkedIn \u00ee\u0163i ofer\u0103, \u00een acela\u015fi timp, posibilitatea de a te informa \u015fi de a interac\u0163iona, \u00een timp real, cu&#8230;<\/p>\n","protected":false},"author":1,"featured_media":0,"parent":41,"menu_order":0,"comment_status":"closed","ping_status":"closed","template":"","meta":{"_kad_post_transparent":"","_kad_post_title":"","_kad_post_layout":"","_kad_post_sidebar_id":"","_kad_post_content_style":"","_kad_post_vertical_padding":"","_kad_post_feature":"","_kad_post_feature_position":"","_kad_post_header":false,"_kad_post_footer":false,"footnotes":""},"class_list":["post-47","page","type-page","status-publish","hentry"],"yoast_head":"<!-- This site is optimized with the Yoast SEO plugin v24.5 - https:\/\/yoast.com\/wordpress\/plugins\/seo\/ -->\n<title>Descoper\u0103 LinkedIn (workshop) - Centrul de Consiliere \u0219i Orientare \u00een Carier\u0103<\/title>\n<meta name=\"robots\" content=\"index, follow, max-snippet:-1, max-image-preview:large, max-video-preview:-1\" \/>\n<link rel=\"canonical\" href=\"http:\/\/ccoc.upg-ploiesti.ro\/?page_id=47\" \/>\n<meta property=\"og:locale\" content=\"en_US\" \/>\n<meta property=\"og:type\" content=\"article\" \/>\n<meta property=\"og:title\" content=\"Descoper\u0103 LinkedIn (workshop) - Centrul de Consiliere \u0219i Orientare \u00een Carier\u0103\" \/>\n<meta property=\"og:description\" content=\"Descoper\u0103 Linkedln \u015fi reflecteaz\u0103 asupra con\u0163inutului s\u0103u! Clar, concis \u015fi relevant, profilul t\u0103u LinkedIn poate deveni poarta de acces c\u0103tre jobul mult dorit. Devenit\u0103 principalul mediu de sourcing al angajatorilor sau al companiilor de recrutare, platforma LinkedIn \u00ee\u0163i ofer\u0103, \u00een acela\u015fi timp, posibilitatea de a te informa \u015fi de a interac\u0163iona, \u00een timp real, cu...\" \/>\n<meta property=\"og:url\" content=\"http:\/\/ccoc.upg-ploiesti.ro\/?page_id=47\" \/>\n<meta property=\"og:site_name\" content=\"Centrul de Consiliere \u0219i Orientare \u00een Carier\u0103\" \/>\n<meta property=\"article:modified_time\" content=\"2022-06-02T08:45:25+00:00\" \/>\n<meta name=\"twitter:card\" content=\"summary_large_image\" \/>\n<meta name=\"twitter:label1\" content=\"Est. reading time\" \/>\n\t<meta name=\"twitter:data1\" content=\"1 minute\" \/>\n<script type=\"application\/ld+json\" class=\"yoast-schema-graph\">{\"@context\":\"https:\/\/schema.org\",\"@graph\":[{\"@type\":\"WebPage\",\"@id\":\"http:\/\/ccoc.upg-ploiesti.ro\/?page_id=47\",\"url\":\"http:\/\/ccoc.upg-ploiesti.ro\/?page_id=47\",\"name\":\"Descoper\u0103 LinkedIn (workshop) - Centrul de Consiliere \u0219i Orientare \u00een Carier\u0103\",\"isPartOf\":{\"@id\":\"http:\/\/ccoc.upg-ploiesti.ro\/#website\"},\"datePublished\":\"2017-11-23T14:36:45+00:00\",\"dateModified\":\"2022-06-02T08:45:25+00:00\",\"breadcrumb\":{\"@id\":\"http:\/\/ccoc.upg-ploiesti.ro\/?page_id=47#breadcrumb\"},\"inLanguage\":\"en-US\",\"potentialAction\":[{\"@type\":\"ReadAction\",\"target\":[\"http:\/\/ccoc.upg-ploiesti.ro\/?page_id=47\"]}]},{\"@type\":\"BreadcrumbList\",\"@id\":\"http:\/\/ccoc.upg-ploiesti.ro\/?page_id=47#breadcrumb\",\"itemListElement\":[{\"@type\":\"ListItem\",\"position\":1,\"name\":\"Home\",\"item\":\"http:\/\/ccoc.upg-ploiesti.ro\/\"},{\"@type\":\"ListItem\",\"position\":2,\"name\":\"Integrare profesional\u0103\",\"item\":\"http:\/\/ccoc.upg-ploiesti.ro\/?page_id=41\"},{\"@type\":\"ListItem\",\"position\":3,\"name\":\"Descoper\u0103 LinkedIn (workshop)\"}]},{\"@type\":\"WebSite\",\"@id\":\"http:\/\/ccoc.upg-ploiesti.ro\/#website\",\"url\":\"http:\/\/ccoc.upg-ploiesti.ro\/\",\"name\":\"Centrul de Consiliere \u0219i Orientare \u00een Carier\u0103\",\"description\":\"Universitatea Petrol-Gaze din Ploie\u0219ti\",\"potentialAction\":[{\"@type\":\"SearchAction\",\"target\":{\"@type\":\"EntryPoint\",\"urlTemplate\":\"http:\/\/ccoc.upg-ploiesti.ro\/?s={search_term_string}\"},\"query-input\":{\"@type\":\"PropertyValueSpecification\",\"valueRequired\":true,\"valueName\":\"search_term_string\"}}],\"inLanguage\":\"en-US\"}]}<\/script>\n<!-- \/ Yoast SEO plugin. -->","yoast_head_json":{"title":"Descoper\u0103 LinkedIn (workshop) - Centrul de Consiliere \u0219i Orientare \u00een Carier\u0103","robots":{"index":"index","follow":"follow","max-snippet":"max-snippet:-1","max-image-preview":"max-image-preview:large","max-video-preview":"max-video-preview:-1"},"canonical":"http:\/\/ccoc.upg-ploiesti.ro\/?page_id=47","og_locale":"en_US","og_type":"article","og_title":"Descoper\u0103 LinkedIn (workshop) - Centrul de Consiliere \u0219i Orientare \u00een Carier\u0103","og_description":"Descoper\u0103 Linkedln \u015fi reflecteaz\u0103 asupra con\u0163inutului s\u0103u! Clar, concis \u015fi relevant, profilul t\u0103u LinkedIn poate deveni poarta de acces c\u0103tre jobul mult dorit. Devenit\u0103 principalul mediu de sourcing al angajatorilor sau al companiilor de recrutare, platforma LinkedIn \u00ee\u0163i ofer\u0103, \u00een acela\u015fi timp, posibilitatea de a te informa \u015fi de a interac\u0163iona, \u00een timp real, cu...","og_url":"http:\/\/ccoc.upg-ploiesti.ro\/?page_id=47","og_site_name":"Centrul de Consiliere \u0219i Orientare \u00een Carier\u0103","article_modified_time":"2022-06-02T08:45:25+00:00","twitter_card":"summary_large_image","twitter_misc":{"Est. reading time":"1 minute"},"schema":{"@context":"https:\/\/schema.org","@graph":[{"@type":"WebPage","@id":"http:\/\/ccoc.upg-ploiesti.ro\/?page_id=47","url":"http:\/\/ccoc.upg-ploiesti.ro\/?page_id=47","name":"Descoper\u0103 LinkedIn (workshop) - Centrul de Consiliere \u0219i Orientare \u00een Carier\u0103","isPartOf":{"@id":"http:\/\/ccoc.upg-ploiesti.ro\/#website"},"datePublished":"2017-11-23T14:36:45+00:00","dateModified":"2022-06-02T08:45:25+00:00","breadcrumb":{"@id":"http:\/\/ccoc.upg-ploiesti.ro\/?page_id=47#breadcrumb"},"inLanguage":"en-US","potentialAction":[{"@type":"ReadAction","target":["http:\/\/ccoc.upg-ploiesti.ro\/?page_id=47"]}]},{"@type":"BreadcrumbList","@id":"http:\/\/ccoc.upg-ploiesti.ro\/?page_id=47#breadcrumb","itemListElement":[{"@type":"ListItem","position":1,"name":"Home","item":"http:\/\/ccoc.upg-ploiesti.ro\/"},{"@type":"ListItem","position":2,"name":"Integrare profesional\u0103","item":"http:\/\/ccoc.upg-ploiesti.ro\/?page_id=41"},{"@type":"ListItem","position":3,"name":"Descoper\u0103 LinkedIn (workshop)"}]},{"@type":"WebSite","@id":"http:\/\/ccoc.upg-ploiesti.ro\/#website","url":"http:\/\/ccoc.upg-ploiesti.ro\/","name":"Centrul de Consiliere \u0219i Orientare \u00een Carier\u0103","description":"Universitatea Petrol-Gaze din Ploie\u0219ti","potentialAction":[{"@type":"SearchAction","target":{"@type":"EntryPoint","urlTemplate":"http:\/\/ccoc.upg-ploiesti.ro\/?s={search_term_string}"},"query-input":{"@type":"PropertyValueSpecification","valueRequired":true,"valueName":"search_term_string"}}],"inLanguage":"en-US"}]}},"_links":{"self":[{"href":"http:\/\/ccoc.upg-ploiesti.ro\/index.php?rest_route=\/wp\/v2\/pages\/47","targetHints":{"allow":["GET"]}}],"collection":[{"href":"http:\/\/ccoc.upg-ploiesti.ro\/index.php?rest_route=\/wp\/v2\/pages"}],"about":[{"href":"http:\/\/ccoc.upg-ploiesti.ro\/index.php?rest_route=\/wp\/v2\/types\/page"}],"author":[{"embeddable":true,"href":"http:\/\/ccoc.upg-ploiesti.ro\/index.php?rest_route=\/wp\/v2\/users\/1"}],"replies":[{"embeddable":true,"href":"http:\/\/ccoc.upg-ploiesti.ro\/index.php?rest_route=%2Fwp%2Fv2%2Fcomments&post=47"}],"version-history":[{"count":2,"href":"http:\/\/ccoc.upg-ploiesti.ro\/index.php?rest_route=\/wp\/v2\/pages\/47\/revisions"}],"predecessor-version":[{"id":254,"href":"http:\/\/ccoc.upg-ploiesti.ro\/index.php?rest_route=\/wp\/v2\/pages\/47\/revisions\/254"}],"up":[{"embeddable":true,"href":"http:\/\/ccoc.upg-ploiesti.ro\/index.php?rest_route=\/wp\/v2\/pages\/41"}],"wp:attachment":[{"href":"http:\/\/ccoc.upg-ploiesti.ro\/index.php?rest_route=%2Fwp%2Fv2%2Fmedia&parent=47"}],"curies":[{"name":"wp","href":"https:\/\/api.w.org\/{rel}","templated":true}]}}