{"id":51,"date":"2017-11-23T16:38:23","date_gmt":"2017-11-23T14:38:23","guid":{"rendered":"http:\/\/ccoc.upg-ploiesti.ro\/?page_id=51"},"modified":"2022-06-02T11:47:47","modified_gmt":"2022-06-02T08:47:47","slug":"valorizeaza-ti-experientele","status":"publish","type":"page","link":"http:\/\/ccoc.upg-ploiesti.ro\/?page_id=51","title":{"rendered":"Valorizeaz\u0103-\u021bi experien\u021bele (workshop)"},"content":{"rendered":"<p><strong>Valorizeaz\u0103-\u0163i experien\u0163ele anterioare <\/strong><strong>\u00een depunerea candidaturii pentru un post!<\/strong><\/p>\n<p>Pare postul pe care \u0163i l-ai dorit dintotdeauna, dar anun\u0163ul de angajare se adreseaz\u0103 unui candidat cu un tip de experien\u0163\u0103 pe care nu \u00eel ai. Sau, cel pu\u0163in, asta crezi deoarece abilit\u0103\u0163ile tale sunt uneori ascunse \u00een cadrul unor practici pe care le consideri nesemnificative.<\/p>\n<p>Analiz\u00e2nd, disec\u00e2nd experien\u0163ele \u00eencercate \u00een decursul vremii, vei \u00eenv\u0103\u0163a s\u0103 extragi beneficiile acestora \u00een plan cognitiv, dar \u015fi practic-aplicativ, transform\u00e2ndu-le \u00een abilit\u0103\u0163i reale.<\/p>\n<p><strong><em>Obiectivele atelierului:<\/em><\/strong><\/p>\n<ul>\n<li>familiarizarea cu o serie de termeni precum: cunoa\u015ftere\/cuno\u015ftin\u0163e, aptitudini, capacit\u0103\u0163i, priceperi, deprinderi, competen\u0163e etc.<\/li>\n<li>identificarea unor experien\u0163e de succes care ar putea fi valorizate \u00een cadrul unui proces de recunoa\u015ftere a competentelor;<\/li>\n<li>elaborarea propriului proiect profesional.<\/li>\n<\/ul>\n<p><strong><em>Public \u0163int\u0103:&nbsp;&nbsp;&nbsp;&nbsp;&nbsp;&nbsp;&nbsp;&nbsp;&nbsp;&nbsp;&nbsp;&nbsp;&nbsp;&nbsp;&nbsp;&nbsp;&nbsp;&nbsp;&nbsp;&nbsp;&nbsp;&nbsp;&nbsp;&nbsp;&nbsp;&nbsp;&nbsp;&nbsp;&nbsp;&nbsp;&nbsp;&nbsp;&nbsp;&nbsp;&nbsp;&nbsp;&nbsp;&nbsp;&nbsp;&nbsp;&nbsp;&nbsp;&nbsp;&nbsp;&nbsp;&nbsp;&nbsp;&nbsp;&nbsp;&nbsp;&nbsp;&nbsp;&nbsp;&nbsp;&nbsp;&nbsp;&nbsp;&nbsp;&nbsp;&nbsp;&nbsp;&nbsp;&nbsp;&nbsp;&nbsp;&nbsp;&nbsp;&nbsp;&nbsp;&nbsp;&nbsp;&nbsp;&nbsp;&nbsp;&nbsp;&nbsp;&nbsp;&nbsp;&nbsp;&nbsp;&nbsp;&nbsp;&nbsp; <\/em><\/strong><\/p>\n<ul>\n<li>studen\u0163i la programele de licen\u0163\u0103\/masterat;<\/li>\n<li>maxim 15 studen\u0163i\/atelier.<\/li>\n<\/ul>\n<p><strong><em>Durata:<\/em><\/strong> 1 or\u0103.<\/p>\n","protected":false},"excerpt":{"rendered":"<p>Valorizeaz\u0103-\u0163i experien\u0163ele anterioare \u00een depunerea candidaturii pentru un post! Pare postul pe care \u0163i l-ai dorit dintotdeauna, dar anun\u0163ul de angajare se adreseaz\u0103 unui candidat cu un tip de experien\u0163\u0103 pe care nu \u00eel ai. Sau, cel pu\u0163in, asta crezi deoarece abilit\u0103\u0163ile tale sunt uneori ascunse \u00een cadrul unor practici pe care le consideri nesemnificative&#8230;.<\/p>\n","protected":false},"author":1,"featured_media":0,"parent":41,"menu_order":0,"comment_status":"closed","ping_status":"closed","template":"","meta":{"_kad_post_transparent":"","_kad_post_title":"","_kad_post_layout":"","_kad_post_sidebar_id":"","_kad_post_content_style":"","_kad_post_vertical_padding":"","_kad_post_feature":"","_kad_post_feature_position":"","_kad_post_header":false,"_kad_post_footer":false,"footnotes":""},"class_list":["post-51","page","type-page","status-publish","hentry"],"yoast_head":"<!-- This site is optimized with the Yoast SEO plugin v24.5 - https:\/\/yoast.com\/wordpress\/plugins\/seo\/ -->\n<title>Valorizeaz\u0103-\u021bi experien\u021bele (workshop) - Centrul de Consiliere \u0219i Orientare \u00een Carier\u0103<\/title>\n<meta name=\"robots\" content=\"index, follow, max-snippet:-1, max-image-preview:large, max-video-preview:-1\" \/>\n<link rel=\"canonical\" href=\"http:\/\/ccoc.upg-ploiesti.ro\/?page_id=51\" \/>\n<meta property=\"og:locale\" content=\"en_US\" \/>\n<meta property=\"og:type\" content=\"article\" \/>\n<meta property=\"og:title\" content=\"Valorizeaz\u0103-\u021bi experien\u021bele (workshop) - Centrul de Consiliere \u0219i Orientare \u00een Carier\u0103\" \/>\n<meta property=\"og:description\" content=\"Valorizeaz\u0103-\u0163i experien\u0163ele anterioare \u00een depunerea candidaturii pentru un post! Pare postul pe care \u0163i l-ai dorit dintotdeauna, dar anun\u0163ul de angajare se adreseaz\u0103 unui candidat cu un tip de experien\u0163\u0103 pe care nu \u00eel ai. Sau, cel pu\u0163in, asta crezi deoarece abilit\u0103\u0163ile tale sunt uneori ascunse \u00een cadrul unor practici pe care le consideri nesemnificative....\" \/>\n<meta property=\"og:url\" content=\"http:\/\/ccoc.upg-ploiesti.ro\/?page_id=51\" \/>\n<meta property=\"og:site_name\" content=\"Centrul de Consiliere \u0219i Orientare \u00een Carier\u0103\" \/>\n<meta property=\"article:modified_time\" content=\"2022-06-02T08:47:47+00:00\" \/>\n<meta name=\"twitter:card\" content=\"summary_large_image\" \/>\n<meta name=\"twitter:label1\" content=\"Est. reading time\" \/>\n\t<meta name=\"twitter:data1\" content=\"1 minute\" \/>\n<script type=\"application\/ld+json\" class=\"yoast-schema-graph\">{\"@context\":\"https:\/\/schema.org\",\"@graph\":[{\"@type\":\"WebPage\",\"@id\":\"http:\/\/ccoc.upg-ploiesti.ro\/?page_id=51\",\"url\":\"http:\/\/ccoc.upg-ploiesti.ro\/?page_id=51\",\"name\":\"Valorizeaz\u0103-\u021bi experien\u021bele (workshop) - Centrul de Consiliere \u0219i Orientare \u00een Carier\u0103\",\"isPartOf\":{\"@id\":\"http:\/\/ccoc.upg-ploiesti.ro\/#website\"},\"datePublished\":\"2017-11-23T14:38:23+00:00\",\"dateModified\":\"2022-06-02T08:47:47+00:00\",\"breadcrumb\":{\"@id\":\"http:\/\/ccoc.upg-ploiesti.ro\/?page_id=51#breadcrumb\"},\"inLanguage\":\"en-US\",\"potentialAction\":[{\"@type\":\"ReadAction\",\"target\":[\"http:\/\/ccoc.upg-ploiesti.ro\/?page_id=51\"]}]},{\"@type\":\"BreadcrumbList\",\"@id\":\"http:\/\/ccoc.upg-ploiesti.ro\/?page_id=51#breadcrumb\",\"itemListElement\":[{\"@type\":\"ListItem\",\"position\":1,\"name\":\"Home\",\"item\":\"http:\/\/ccoc.upg-ploiesti.ro\/\"},{\"@type\":\"ListItem\",\"position\":2,\"name\":\"Integrare profesional\u0103\",\"item\":\"http:\/\/ccoc.upg-ploiesti.ro\/?page_id=41\"},{\"@type\":\"ListItem\",\"position\":3,\"name\":\"Valorizeaz\u0103-\u021bi experien\u021bele (workshop)\"}]},{\"@type\":\"WebSite\",\"@id\":\"http:\/\/ccoc.upg-ploiesti.ro\/#website\",\"url\":\"http:\/\/ccoc.upg-ploiesti.ro\/\",\"name\":\"Centrul de Consiliere \u0219i Orientare \u00een Carier\u0103\",\"description\":\"Universitatea Petrol-Gaze din Ploie\u0219ti\",\"potentialAction\":[{\"@type\":\"SearchAction\",\"target\":{\"@type\":\"EntryPoint\",\"urlTemplate\":\"http:\/\/ccoc.upg-ploiesti.ro\/?s={search_term_string}\"},\"query-input\":{\"@type\":\"PropertyValueSpecification\",\"valueRequired\":true,\"valueName\":\"search_term_string\"}}],\"inLanguage\":\"en-US\"}]}<\/script>\n<!-- \/ Yoast SEO plugin. -->","yoast_head_json":{"title":"Valorizeaz\u0103-\u021bi experien\u021bele (workshop) - Centrul de Consiliere \u0219i Orientare \u00een Carier\u0103","robots":{"index":"index","follow":"follow","max-snippet":"max-snippet:-1","max-image-preview":"max-image-preview:large","max-video-preview":"max-video-preview:-1"},"canonical":"http:\/\/ccoc.upg-ploiesti.ro\/?page_id=51","og_locale":"en_US","og_type":"article","og_title":"Valorizeaz\u0103-\u021bi experien\u021bele (workshop) - Centrul de Consiliere \u0219i Orientare \u00een Carier\u0103","og_description":"Valorizeaz\u0103-\u0163i experien\u0163ele anterioare \u00een depunerea candidaturii pentru un post! Pare postul pe care \u0163i l-ai dorit dintotdeauna, dar anun\u0163ul de angajare se adreseaz\u0103 unui candidat cu un tip de experien\u0163\u0103 pe care nu \u00eel ai. Sau, cel pu\u0163in, asta crezi deoarece abilit\u0103\u0163ile tale sunt uneori ascunse \u00een cadrul unor practici pe care le consideri nesemnificative....","og_url":"http:\/\/ccoc.upg-ploiesti.ro\/?page_id=51","og_site_name":"Centrul de Consiliere \u0219i Orientare \u00een Carier\u0103","article_modified_time":"2022-06-02T08:47:47+00:00","twitter_card":"summary_large_image","twitter_misc":{"Est. reading time":"1 minute"},"schema":{"@context":"https:\/\/schema.org","@graph":[{"@type":"WebPage","@id":"http:\/\/ccoc.upg-ploiesti.ro\/?page_id=51","url":"http:\/\/ccoc.upg-ploiesti.ro\/?page_id=51","name":"Valorizeaz\u0103-\u021bi experien\u021bele (workshop) - Centrul de Consiliere \u0219i Orientare \u00een Carier\u0103","isPartOf":{"@id":"http:\/\/ccoc.upg-ploiesti.ro\/#website"},"datePublished":"2017-11-23T14:38:23+00:00","dateModified":"2022-06-02T08:47:47+00:00","breadcrumb":{"@id":"http:\/\/ccoc.upg-ploiesti.ro\/?page_id=51#breadcrumb"},"inLanguage":"en-US","potentialAction":[{"@type":"ReadAction","target":["http:\/\/ccoc.upg-ploiesti.ro\/?page_id=51"]}]},{"@type":"BreadcrumbList","@id":"http:\/\/ccoc.upg-ploiesti.ro\/?page_id=51#breadcrumb","itemListElement":[{"@type":"ListItem","position":1,"name":"Home","item":"http:\/\/ccoc.upg-ploiesti.ro\/"},{"@type":"ListItem","position":2,"name":"Integrare profesional\u0103","item":"http:\/\/ccoc.upg-ploiesti.ro\/?page_id=41"},{"@type":"ListItem","position":3,"name":"Valorizeaz\u0103-\u021bi experien\u021bele (workshop)"}]},{"@type":"WebSite","@id":"http:\/\/ccoc.upg-ploiesti.ro\/#website","url":"http:\/\/ccoc.upg-ploiesti.ro\/","name":"Centrul de Consiliere \u0219i Orientare \u00een Carier\u0103","description":"Universitatea Petrol-Gaze din Ploie\u0219ti","potentialAction":[{"@type":"SearchAction","target":{"@type":"EntryPoint","urlTemplate":"http:\/\/ccoc.upg-ploiesti.ro\/?s={search_term_string}"},"query-input":{"@type":"PropertyValueSpecification","valueRequired":true,"valueName":"search_term_string"}}],"inLanguage":"en-US"}]}},"_links":{"self":[{"href":"http:\/\/ccoc.upg-ploiesti.ro\/index.php?rest_route=\/wp\/v2\/pages\/51","targetHints":{"allow":["GET"]}}],"collection":[{"href":"http:\/\/ccoc.upg-ploiesti.ro\/index.php?rest_route=\/wp\/v2\/pages"}],"about":[{"href":"http:\/\/ccoc.upg-ploiesti.ro\/index.php?rest_route=\/wp\/v2\/types\/page"}],"author":[{"embeddable":true,"href":"http:\/\/ccoc.upg-ploiesti.ro\/index.php?rest_route=\/wp\/v2\/users\/1"}],"replies":[{"embeddable":true,"href":"http:\/\/ccoc.upg-ploiesti.ro\/index.php?rest_route=%2Fwp%2Fv2%2Fcomments&post=51"}],"version-history":[{"count":2,"href":"http:\/\/ccoc.upg-ploiesti.ro\/index.php?rest_route=\/wp\/v2\/pages\/51\/revisions"}],"predecessor-version":[{"id":259,"href":"http:\/\/ccoc.upg-ploiesti.ro\/index.php?rest_route=\/wp\/v2\/pages\/51\/revisions\/259"}],"up":[{"embeddable":true,"href":"http:\/\/ccoc.upg-ploiesti.ro\/index.php?rest_route=\/wp\/v2\/pages\/41"}],"wp:attachment":[{"href":"http:\/\/ccoc.upg-ploiesti.ro\/index.php?rest_route=%2Fwp%2Fv2%2Fmedia&parent=51"}],"curies":[{"name":"wp","href":"https:\/\/api.w.org\/{rel}","templated":true}]}}