{"id":53,"date":"2017-11-23T16:39:07","date_gmt":"2017-11-23T14:39:07","guid":{"rendered":"http:\/\/ccoc.upg-ploiesti.ro\/?page_id=53"},"modified":"2022-06-02T11:46:37","modified_gmt":"2022-06-02T08:46:37","slug":"o-scrisoare-de-intentie","status":"publish","type":"page","link":"http:\/\/ccoc.upg-ploiesti.ro\/?page_id=53","title":{"rendered":"O scrisoare de inten\u021bie &#8230; (workshop)"},"content":{"rendered":"<p><strong>Redacteaz\u0103 o scrisoare de inten\u0163ie care s\u0103 conving\u0103!<\/strong><\/p>\n<p>Elaborarea unei scrisori de inten\u0163ie este un exerci\u0163iu delicat care trebuie s\u0103 reflecte proiectul t\u0103u profesional (personal), dar \u015fi dorin\u0163a de a continua s\u0103 te perfec\u0163ionezi.<\/p>\n<p>Cum \u00ee\u0163i po\u0163i expune \u00eentr-un mod c\u00e2t mai conving\u0103tor interesul pentru un job? Care sunt argumentele de care te po\u0163i folosi pentru a demonstra c\u0103 esti omul potrivit la locul potrivit? Ce abilit\u0103\u0163i personale, profesionale pot fi valorificate pentru a sus\u0163ine angajarea?<\/p>\n<p>R\u0103spunsurile la toate aceste \u00eentreb\u0103ri le po\u0163i ob\u0163ine prin participarea la acest atelier, descoperind totodat\u0103 particularit\u0103\u0163ile acestei scrieri.<\/p>\n<p><strong><em>Obiectivele atelierului:<\/em><\/strong><\/p>\n<ul>\n<li>familiarizarea cu structura acestui instrument de aplica\u0163ie (introducere\/scurt\u0103 descriere a calit\u0103\u0163ilor personale \u015fi profesionale\/motiva\u0163ia personal\u0103\/\u00eencheierea);<\/li>\n<li>identificarea con\u0163inutului relevant pentru fiecare paragraf prin exemple concrete;<\/li>\n<li>exersarea modului de redactare a unei scrisori de inten\u0163ie prin raportare la un anun\u0163 de angajare dat.<\/li>\n<\/ul>\n<p><strong><em>Public \u0163int\u0103:&nbsp;&nbsp;&nbsp;&nbsp;&nbsp;&nbsp;&nbsp;&nbsp;&nbsp;&nbsp;&nbsp;&nbsp;&nbsp;&nbsp;&nbsp;&nbsp;&nbsp;&nbsp;&nbsp;&nbsp;&nbsp;&nbsp;&nbsp;&nbsp;&nbsp;&nbsp;&nbsp;&nbsp;&nbsp;&nbsp;&nbsp;&nbsp;&nbsp;&nbsp;&nbsp;&nbsp;&nbsp;&nbsp;&nbsp;&nbsp;&nbsp;&nbsp;&nbsp;&nbsp;&nbsp;&nbsp;&nbsp;&nbsp;&nbsp;&nbsp;&nbsp;&nbsp;&nbsp;&nbsp;&nbsp;&nbsp;&nbsp;&nbsp;&nbsp;&nbsp;&nbsp;&nbsp;&nbsp;&nbsp;&nbsp;&nbsp;&nbsp;&nbsp;&nbsp;&nbsp;&nbsp;&nbsp;&nbsp;&nbsp;&nbsp;&nbsp;&nbsp;&nbsp;&nbsp;&nbsp;&nbsp;&nbsp;&nbsp; <\/em><\/strong><\/p>\n<ul>\n<li>studen\u0163i la programele de licen\u0163\u0103\/masterat;<\/li>\n<li>maxim 15 studen\u0163i\/atelier.<\/li>\n<\/ul>\n<p><strong><em>Durata:<\/em><\/strong> 1 or\u0103.<\/p>\n<p><strong>&nbsp;<\/strong><\/p>\n","protected":false},"excerpt":{"rendered":"<p>Redacteaz\u0103 o scrisoare de inten\u0163ie care s\u0103 conving\u0103! Elaborarea unei scrisori de inten\u0163ie este un exerci\u0163iu delicat care trebuie s\u0103 reflecte proiectul t\u0103u profesional (personal), dar \u015fi dorin\u0163a de a continua s\u0103 te perfec\u0163ionezi. Cum \u00ee\u0163i po\u0163i expune \u00eentr-un mod c\u00e2t mai conving\u0103tor interesul pentru un job? Care sunt argumentele de care te po\u0163i folosi&#8230;<\/p>\n","protected":false},"author":1,"featured_media":0,"parent":41,"menu_order":0,"comment_status":"closed","ping_status":"closed","template":"","meta":{"_kad_post_transparent":"","_kad_post_title":"","_kad_post_layout":"","_kad_post_sidebar_id":"","_kad_post_content_style":"","_kad_post_vertical_padding":"","_kad_post_feature":"","_kad_post_feature_position":"","_kad_post_header":false,"_kad_post_footer":false,"footnotes":""},"class_list":["post-53","page","type-page","status-publish","hentry"],"yoast_head":"<!-- This site is optimized with the Yoast SEO plugin v24.5 - https:\/\/yoast.com\/wordpress\/plugins\/seo\/ -->\n<title>O scrisoare de inten\u021bie ... (workshop) - Centrul de Consiliere \u0219i Orientare \u00een Carier\u0103<\/title>\n<meta name=\"robots\" content=\"index, follow, max-snippet:-1, max-image-preview:large, max-video-preview:-1\" \/>\n<link rel=\"canonical\" href=\"http:\/\/ccoc.upg-ploiesti.ro\/?page_id=53\" \/>\n<meta property=\"og:locale\" content=\"en_US\" \/>\n<meta property=\"og:type\" content=\"article\" \/>\n<meta property=\"og:title\" content=\"O scrisoare de inten\u021bie ... (workshop) - Centrul de Consiliere \u0219i Orientare \u00een Carier\u0103\" \/>\n<meta property=\"og:description\" content=\"Redacteaz\u0103 o scrisoare de inten\u0163ie care s\u0103 conving\u0103! Elaborarea unei scrisori de inten\u0163ie este un exerci\u0163iu delicat care trebuie s\u0103 reflecte proiectul t\u0103u profesional (personal), dar \u015fi dorin\u0163a de a continua s\u0103 te perfec\u0163ionezi. Cum \u00ee\u0163i po\u0163i expune \u00eentr-un mod c\u00e2t mai conving\u0103tor interesul pentru un job? Care sunt argumentele de care te po\u0163i folosi...\" \/>\n<meta property=\"og:url\" content=\"http:\/\/ccoc.upg-ploiesti.ro\/?page_id=53\" \/>\n<meta property=\"og:site_name\" content=\"Centrul de Consiliere \u0219i Orientare \u00een Carier\u0103\" \/>\n<meta property=\"article:modified_time\" content=\"2022-06-02T08:46:37+00:00\" \/>\n<meta name=\"twitter:card\" content=\"summary_large_image\" \/>\n<meta name=\"twitter:label1\" content=\"Est. reading time\" \/>\n\t<meta name=\"twitter:data1\" content=\"1 minute\" \/>\n<script type=\"application\/ld+json\" class=\"yoast-schema-graph\">{\"@context\":\"https:\/\/schema.org\",\"@graph\":[{\"@type\":\"WebPage\",\"@id\":\"http:\/\/ccoc.upg-ploiesti.ro\/?page_id=53\",\"url\":\"http:\/\/ccoc.upg-ploiesti.ro\/?page_id=53\",\"name\":\"O scrisoare de inten\u021bie ... (workshop) - Centrul de Consiliere \u0219i Orientare \u00een Carier\u0103\",\"isPartOf\":{\"@id\":\"http:\/\/ccoc.upg-ploiesti.ro\/#website\"},\"datePublished\":\"2017-11-23T14:39:07+00:00\",\"dateModified\":\"2022-06-02T08:46:37+00:00\",\"breadcrumb\":{\"@id\":\"http:\/\/ccoc.upg-ploiesti.ro\/?page_id=53#breadcrumb\"},\"inLanguage\":\"en-US\",\"potentialAction\":[{\"@type\":\"ReadAction\",\"target\":[\"http:\/\/ccoc.upg-ploiesti.ro\/?page_id=53\"]}]},{\"@type\":\"BreadcrumbList\",\"@id\":\"http:\/\/ccoc.upg-ploiesti.ro\/?page_id=53#breadcrumb\",\"itemListElement\":[{\"@type\":\"ListItem\",\"position\":1,\"name\":\"Home\",\"item\":\"http:\/\/ccoc.upg-ploiesti.ro\/\"},{\"@type\":\"ListItem\",\"position\":2,\"name\":\"Integrare profesional\u0103\",\"item\":\"http:\/\/ccoc.upg-ploiesti.ro\/?page_id=41\"},{\"@type\":\"ListItem\",\"position\":3,\"name\":\"O scrisoare de inten\u021bie &#8230; (workshop)\"}]},{\"@type\":\"WebSite\",\"@id\":\"http:\/\/ccoc.upg-ploiesti.ro\/#website\",\"url\":\"http:\/\/ccoc.upg-ploiesti.ro\/\",\"name\":\"Centrul de Consiliere \u0219i Orientare \u00een Carier\u0103\",\"description\":\"Universitatea Petrol-Gaze din Ploie\u0219ti\",\"potentialAction\":[{\"@type\":\"SearchAction\",\"target\":{\"@type\":\"EntryPoint\",\"urlTemplate\":\"http:\/\/ccoc.upg-ploiesti.ro\/?s={search_term_string}\"},\"query-input\":{\"@type\":\"PropertyValueSpecification\",\"valueRequired\":true,\"valueName\":\"search_term_string\"}}],\"inLanguage\":\"en-US\"}]}<\/script>\n<!-- \/ Yoast SEO plugin. -->","yoast_head_json":{"title":"O scrisoare de inten\u021bie ... (workshop) - Centrul de Consiliere \u0219i Orientare \u00een Carier\u0103","robots":{"index":"index","follow":"follow","max-snippet":"max-snippet:-1","max-image-preview":"max-image-preview:large","max-video-preview":"max-video-preview:-1"},"canonical":"http:\/\/ccoc.upg-ploiesti.ro\/?page_id=53","og_locale":"en_US","og_type":"article","og_title":"O scrisoare de inten\u021bie ... (workshop) - Centrul de Consiliere \u0219i Orientare \u00een Carier\u0103","og_description":"Redacteaz\u0103 o scrisoare de inten\u0163ie care s\u0103 conving\u0103! Elaborarea unei scrisori de inten\u0163ie este un exerci\u0163iu delicat care trebuie s\u0103 reflecte proiectul t\u0103u profesional (personal), dar \u015fi dorin\u0163a de a continua s\u0103 te perfec\u0163ionezi. Cum \u00ee\u0163i po\u0163i expune \u00eentr-un mod c\u00e2t mai conving\u0103tor interesul pentru un job? Care sunt argumentele de care te po\u0163i folosi...","og_url":"http:\/\/ccoc.upg-ploiesti.ro\/?page_id=53","og_site_name":"Centrul de Consiliere \u0219i Orientare \u00een Carier\u0103","article_modified_time":"2022-06-02T08:46:37+00:00","twitter_card":"summary_large_image","twitter_misc":{"Est. reading time":"1 minute"},"schema":{"@context":"https:\/\/schema.org","@graph":[{"@type":"WebPage","@id":"http:\/\/ccoc.upg-ploiesti.ro\/?page_id=53","url":"http:\/\/ccoc.upg-ploiesti.ro\/?page_id=53","name":"O scrisoare de inten\u021bie ... (workshop) - Centrul de Consiliere \u0219i Orientare \u00een Carier\u0103","isPartOf":{"@id":"http:\/\/ccoc.upg-ploiesti.ro\/#website"},"datePublished":"2017-11-23T14:39:07+00:00","dateModified":"2022-06-02T08:46:37+00:00","breadcrumb":{"@id":"http:\/\/ccoc.upg-ploiesti.ro\/?page_id=53#breadcrumb"},"inLanguage":"en-US","potentialAction":[{"@type":"ReadAction","target":["http:\/\/ccoc.upg-ploiesti.ro\/?page_id=53"]}]},{"@type":"BreadcrumbList","@id":"http:\/\/ccoc.upg-ploiesti.ro\/?page_id=53#breadcrumb","itemListElement":[{"@type":"ListItem","position":1,"name":"Home","item":"http:\/\/ccoc.upg-ploiesti.ro\/"},{"@type":"ListItem","position":2,"name":"Integrare profesional\u0103","item":"http:\/\/ccoc.upg-ploiesti.ro\/?page_id=41"},{"@type":"ListItem","position":3,"name":"O scrisoare de inten\u021bie &#8230; (workshop)"}]},{"@type":"WebSite","@id":"http:\/\/ccoc.upg-ploiesti.ro\/#website","url":"http:\/\/ccoc.upg-ploiesti.ro\/","name":"Centrul de Consiliere \u0219i Orientare \u00een Carier\u0103","description":"Universitatea Petrol-Gaze din Ploie\u0219ti","potentialAction":[{"@type":"SearchAction","target":{"@type":"EntryPoint","urlTemplate":"http:\/\/ccoc.upg-ploiesti.ro\/?s={search_term_string}"},"query-input":{"@type":"PropertyValueSpecification","valueRequired":true,"valueName":"search_term_string"}}],"inLanguage":"en-US"}]}},"_links":{"self":[{"href":"http:\/\/ccoc.upg-ploiesti.ro\/index.php?rest_route=\/wp\/v2\/pages\/53","targetHints":{"allow":["GET"]}}],"collection":[{"href":"http:\/\/ccoc.upg-ploiesti.ro\/index.php?rest_route=\/wp\/v2\/pages"}],"about":[{"href":"http:\/\/ccoc.upg-ploiesti.ro\/index.php?rest_route=\/wp\/v2\/types\/page"}],"author":[{"embeddable":true,"href":"http:\/\/ccoc.upg-ploiesti.ro\/index.php?rest_route=\/wp\/v2\/users\/1"}],"replies":[{"embeddable":true,"href":"http:\/\/ccoc.upg-ploiesti.ro\/index.php?rest_route=%2Fwp%2Fv2%2Fcomments&post=53"}],"version-history":[{"count":2,"href":"http:\/\/ccoc.upg-ploiesti.ro\/index.php?rest_route=\/wp\/v2\/pages\/53\/revisions"}],"predecessor-version":[{"id":257,"href":"http:\/\/ccoc.upg-ploiesti.ro\/index.php?rest_route=\/wp\/v2\/pages\/53\/revisions\/257"}],"up":[{"embeddable":true,"href":"http:\/\/ccoc.upg-ploiesti.ro\/index.php?rest_route=\/wp\/v2\/pages\/41"}],"wp:attachment":[{"href":"http:\/\/ccoc.upg-ploiesti.ro\/index.php?rest_route=%2Fwp%2Fv2%2Fmedia&parent=53"}],"curies":[{"name":"wp","href":"https:\/\/api.w.org\/{rel}","templated":true}]}}