{"id":57,"date":"2017-11-23T16:40:50","date_gmt":"2017-11-23T14:40:50","guid":{"rendered":"http:\/\/ccoc.upg-ploiesti.ro\/?page_id=57"},"modified":"2022-06-02T11:47:28","modified_gmt":"2022-06-02T08:47:28","slug":"optimizeaza-ti-cautarile","status":"publish","type":"page","link":"http:\/\/ccoc.upg-ploiesti.ro\/?page_id=57","title":{"rendered":"Optimizeaz\u0103-\u021bi c\u0103ut\u0103rile (workshop)"},"content":{"rendered":"<p><strong>Optimizeaz\u0103-\u0163i c\u0103ut\u0103rile <\/strong><strong>cu privire la stagii de formare, locuri de munc\u0103 vacante!<\/strong><\/p>\n<p>\u00cen condi\u0163iile unei oferte tot mai variate de continuare a studiilor \u015fi a unor cerin\u0163e ale pie\u0163ei muncii aflate \u00een perpetu\u0103 schimbare, adoptarea unei decizii corecte \u00een ceea ce prive\u015fte cariera pare a fi un deziderat greu de atins.<\/p>\n<p>Educarea tinerilor \u00een problematica alegerii celor mai potrivite strategii de c\u0103utare a unor stagii de formare\/locuri de munc\u0103 faciliteaz\u0103 acest demers \u015fi confer\u0103 un grad crescut de \u00eencredere \u00een decizia asumat\u0103.<\/p>\n<p><strong><em>Obiectivele atelierului:<\/em><\/strong><\/p>\n<ul>\n<li>localizarea posibililor furnizori de formare\/angajatori existen\u0163i la nivel local \u015fi regional;<\/li>\n<li>preg\u0103tirea unui bun portofoliu de angajare;<\/li>\n<li>exersarea tehnicilor decomunicare \u00een cadrul unui interviu.<\/li>\n<\/ul>\n<p><strong><em>Public \u0163int\u0103:&nbsp;&nbsp;&nbsp;&nbsp;&nbsp;&nbsp;&nbsp;&nbsp;&nbsp;&nbsp;&nbsp;&nbsp;&nbsp;&nbsp;&nbsp;&nbsp;&nbsp;&nbsp;&nbsp;&nbsp;&nbsp;&nbsp;&nbsp;&nbsp;&nbsp;&nbsp;&nbsp;&nbsp;&nbsp;&nbsp;&nbsp;&nbsp;&nbsp;&nbsp;&nbsp;&nbsp;&nbsp;&nbsp;&nbsp;&nbsp;&nbsp;&nbsp;&nbsp;&nbsp;&nbsp;&nbsp;&nbsp;&nbsp;&nbsp;&nbsp;&nbsp;&nbsp;&nbsp;&nbsp;&nbsp;&nbsp;&nbsp;&nbsp;&nbsp;&nbsp;&nbsp;&nbsp;&nbsp;&nbsp;&nbsp;&nbsp;&nbsp;&nbsp;&nbsp;&nbsp;&nbsp;&nbsp;&nbsp;&nbsp;&nbsp;&nbsp;&nbsp;&nbsp;&nbsp;&nbsp;&nbsp;&nbsp;&nbsp; <\/em><\/strong><\/p>\n<ul>\n<li>studen\u0163i la programele de licen\u0163\u0103\/masterat;<\/li>\n<li>maxim 10 studen\u0163i\/atelier.<\/li>\n<\/ul>\n<p><strong><em>Durata:<\/em><\/strong> 1 or\u0103.<\/p>\n","protected":false},"excerpt":{"rendered":"<p>Optimizeaz\u0103-\u0163i c\u0103ut\u0103rile cu privire la stagii de formare, locuri de munc\u0103 vacante! \u00cen condi\u0163iile unei oferte tot mai variate de continuare a studiilor \u015fi a unor cerin\u0163e ale pie\u0163ei muncii aflate \u00een perpetu\u0103 schimbare, adoptarea unei decizii corecte \u00een ceea ce prive\u015fte cariera pare a fi un deziderat greu de atins. Educarea tinerilor \u00een problematica&#8230;<\/p>\n","protected":false},"author":1,"featured_media":0,"parent":41,"menu_order":0,"comment_status":"closed","ping_status":"closed","template":"","meta":{"_kad_post_transparent":"","_kad_post_title":"","_kad_post_layout":"","_kad_post_sidebar_id":"","_kad_post_content_style":"","_kad_post_vertical_padding":"","_kad_post_feature":"","_kad_post_feature_position":"","_kad_post_header":false,"_kad_post_footer":false,"footnotes":""},"class_list":["post-57","page","type-page","status-publish","hentry"],"yoast_head":"<!-- This site is optimized with the Yoast SEO plugin v24.5 - https:\/\/yoast.com\/wordpress\/plugins\/seo\/ -->\n<title>Optimizeaz\u0103-\u021bi c\u0103ut\u0103rile (workshop) - Centrul de Consiliere \u0219i Orientare \u00een Carier\u0103<\/title>\n<meta name=\"robots\" content=\"index, follow, max-snippet:-1, max-image-preview:large, max-video-preview:-1\" \/>\n<link rel=\"canonical\" href=\"http:\/\/ccoc.upg-ploiesti.ro\/?page_id=57\" \/>\n<meta property=\"og:locale\" content=\"en_US\" \/>\n<meta property=\"og:type\" content=\"article\" \/>\n<meta property=\"og:title\" content=\"Optimizeaz\u0103-\u021bi c\u0103ut\u0103rile (workshop) - Centrul de Consiliere \u0219i Orientare \u00een Carier\u0103\" \/>\n<meta property=\"og:description\" content=\"Optimizeaz\u0103-\u0163i c\u0103ut\u0103rile cu privire la stagii de formare, locuri de munc\u0103 vacante! \u00cen condi\u0163iile unei oferte tot mai variate de continuare a studiilor \u015fi a unor cerin\u0163e ale pie\u0163ei muncii aflate \u00een perpetu\u0103 schimbare, adoptarea unei decizii corecte \u00een ceea ce prive\u015fte cariera pare a fi un deziderat greu de atins. Educarea tinerilor \u00een problematica...\" \/>\n<meta property=\"og:url\" content=\"http:\/\/ccoc.upg-ploiesti.ro\/?page_id=57\" \/>\n<meta property=\"og:site_name\" content=\"Centrul de Consiliere \u0219i Orientare \u00een Carier\u0103\" \/>\n<meta property=\"article:modified_time\" content=\"2022-06-02T08:47:28+00:00\" \/>\n<meta name=\"twitter:card\" content=\"summary_large_image\" \/>\n<meta name=\"twitter:label1\" content=\"Est. reading time\" \/>\n\t<meta name=\"twitter:data1\" content=\"1 minute\" \/>\n<script type=\"application\/ld+json\" class=\"yoast-schema-graph\">{\"@context\":\"https:\/\/schema.org\",\"@graph\":[{\"@type\":\"WebPage\",\"@id\":\"http:\/\/ccoc.upg-ploiesti.ro\/?page_id=57\",\"url\":\"http:\/\/ccoc.upg-ploiesti.ro\/?page_id=57\",\"name\":\"Optimizeaz\u0103-\u021bi c\u0103ut\u0103rile (workshop) - Centrul de Consiliere \u0219i Orientare \u00een Carier\u0103\",\"isPartOf\":{\"@id\":\"http:\/\/ccoc.upg-ploiesti.ro\/#website\"},\"datePublished\":\"2017-11-23T14:40:50+00:00\",\"dateModified\":\"2022-06-02T08:47:28+00:00\",\"breadcrumb\":{\"@id\":\"http:\/\/ccoc.upg-ploiesti.ro\/?page_id=57#breadcrumb\"},\"inLanguage\":\"en-US\",\"potentialAction\":[{\"@type\":\"ReadAction\",\"target\":[\"http:\/\/ccoc.upg-ploiesti.ro\/?page_id=57\"]}]},{\"@type\":\"BreadcrumbList\",\"@id\":\"http:\/\/ccoc.upg-ploiesti.ro\/?page_id=57#breadcrumb\",\"itemListElement\":[{\"@type\":\"ListItem\",\"position\":1,\"name\":\"Home\",\"item\":\"http:\/\/ccoc.upg-ploiesti.ro\/\"},{\"@type\":\"ListItem\",\"position\":2,\"name\":\"Integrare profesional\u0103\",\"item\":\"http:\/\/ccoc.upg-ploiesti.ro\/?page_id=41\"},{\"@type\":\"ListItem\",\"position\":3,\"name\":\"Optimizeaz\u0103-\u021bi c\u0103ut\u0103rile (workshop)\"}]},{\"@type\":\"WebSite\",\"@id\":\"http:\/\/ccoc.upg-ploiesti.ro\/#website\",\"url\":\"http:\/\/ccoc.upg-ploiesti.ro\/\",\"name\":\"Centrul de Consiliere \u0219i Orientare \u00een Carier\u0103\",\"description\":\"Universitatea Petrol-Gaze din Ploie\u0219ti\",\"potentialAction\":[{\"@type\":\"SearchAction\",\"target\":{\"@type\":\"EntryPoint\",\"urlTemplate\":\"http:\/\/ccoc.upg-ploiesti.ro\/?s={search_term_string}\"},\"query-input\":{\"@type\":\"PropertyValueSpecification\",\"valueRequired\":true,\"valueName\":\"search_term_string\"}}],\"inLanguage\":\"en-US\"}]}<\/script>\n<!-- \/ Yoast SEO plugin. -->","yoast_head_json":{"title":"Optimizeaz\u0103-\u021bi c\u0103ut\u0103rile (workshop) - Centrul de Consiliere \u0219i Orientare \u00een Carier\u0103","robots":{"index":"index","follow":"follow","max-snippet":"max-snippet:-1","max-image-preview":"max-image-preview:large","max-video-preview":"max-video-preview:-1"},"canonical":"http:\/\/ccoc.upg-ploiesti.ro\/?page_id=57","og_locale":"en_US","og_type":"article","og_title":"Optimizeaz\u0103-\u021bi c\u0103ut\u0103rile (workshop) - Centrul de Consiliere \u0219i Orientare \u00een Carier\u0103","og_description":"Optimizeaz\u0103-\u0163i c\u0103ut\u0103rile cu privire la stagii de formare, locuri de munc\u0103 vacante! \u00cen condi\u0163iile unei oferte tot mai variate de continuare a studiilor \u015fi a unor cerin\u0163e ale pie\u0163ei muncii aflate \u00een perpetu\u0103 schimbare, adoptarea unei decizii corecte \u00een ceea ce prive\u015fte cariera pare a fi un deziderat greu de atins. Educarea tinerilor \u00een problematica...","og_url":"http:\/\/ccoc.upg-ploiesti.ro\/?page_id=57","og_site_name":"Centrul de Consiliere \u0219i Orientare \u00een Carier\u0103","article_modified_time":"2022-06-02T08:47:28+00:00","twitter_card":"summary_large_image","twitter_misc":{"Est. reading time":"1 minute"},"schema":{"@context":"https:\/\/schema.org","@graph":[{"@type":"WebPage","@id":"http:\/\/ccoc.upg-ploiesti.ro\/?page_id=57","url":"http:\/\/ccoc.upg-ploiesti.ro\/?page_id=57","name":"Optimizeaz\u0103-\u021bi c\u0103ut\u0103rile (workshop) - Centrul de Consiliere \u0219i Orientare \u00een Carier\u0103","isPartOf":{"@id":"http:\/\/ccoc.upg-ploiesti.ro\/#website"},"datePublished":"2017-11-23T14:40:50+00:00","dateModified":"2022-06-02T08:47:28+00:00","breadcrumb":{"@id":"http:\/\/ccoc.upg-ploiesti.ro\/?page_id=57#breadcrumb"},"inLanguage":"en-US","potentialAction":[{"@type":"ReadAction","target":["http:\/\/ccoc.upg-ploiesti.ro\/?page_id=57"]}]},{"@type":"BreadcrumbList","@id":"http:\/\/ccoc.upg-ploiesti.ro\/?page_id=57#breadcrumb","itemListElement":[{"@type":"ListItem","position":1,"name":"Home","item":"http:\/\/ccoc.upg-ploiesti.ro\/"},{"@type":"ListItem","position":2,"name":"Integrare profesional\u0103","item":"http:\/\/ccoc.upg-ploiesti.ro\/?page_id=41"},{"@type":"ListItem","position":3,"name":"Optimizeaz\u0103-\u021bi c\u0103ut\u0103rile (workshop)"}]},{"@type":"WebSite","@id":"http:\/\/ccoc.upg-ploiesti.ro\/#website","url":"http:\/\/ccoc.upg-ploiesti.ro\/","name":"Centrul de Consiliere \u0219i Orientare \u00een Carier\u0103","description":"Universitatea Petrol-Gaze din Ploie\u0219ti","potentialAction":[{"@type":"SearchAction","target":{"@type":"EntryPoint","urlTemplate":"http:\/\/ccoc.upg-ploiesti.ro\/?s={search_term_string}"},"query-input":{"@type":"PropertyValueSpecification","valueRequired":true,"valueName":"search_term_string"}}],"inLanguage":"en-US"}]}},"_links":{"self":[{"href":"http:\/\/ccoc.upg-ploiesti.ro\/index.php?rest_route=\/wp\/v2\/pages\/57","targetHints":{"allow":["GET"]}}],"collection":[{"href":"http:\/\/ccoc.upg-ploiesti.ro\/index.php?rest_route=\/wp\/v2\/pages"}],"about":[{"href":"http:\/\/ccoc.upg-ploiesti.ro\/index.php?rest_route=\/wp\/v2\/types\/page"}],"author":[{"embeddable":true,"href":"http:\/\/ccoc.upg-ploiesti.ro\/index.php?rest_route=\/wp\/v2\/users\/1"}],"replies":[{"embeddable":true,"href":"http:\/\/ccoc.upg-ploiesti.ro\/index.php?rest_route=%2Fwp%2Fv2%2Fcomments&post=57"}],"version-history":[{"count":2,"href":"http:\/\/ccoc.upg-ploiesti.ro\/index.php?rest_route=\/wp\/v2\/pages\/57\/revisions"}],"predecessor-version":[{"id":258,"href":"http:\/\/ccoc.upg-ploiesti.ro\/index.php?rest_route=\/wp\/v2\/pages\/57\/revisions\/258"}],"up":[{"embeddable":true,"href":"http:\/\/ccoc.upg-ploiesti.ro\/index.php?rest_route=\/wp\/v2\/pages\/41"}],"wp:attachment":[{"href":"http:\/\/ccoc.upg-ploiesti.ro\/index.php?rest_route=%2Fwp%2Fv2%2Fmedia&parent=57"}],"curies":[{"name":"wp","href":"https:\/\/api.w.org\/{rel}","templated":true}]}}