{"id":66,"date":"2017-11-23T16:44:04","date_gmt":"2017-11-23T14:44:04","guid":{"rendered":"http:\/\/ccoc.upg-ploiesti.ro\/?page_id=66"},"modified":"2022-06-02T13:47:05","modified_gmt":"2022-06-02T10:47:05","slug":"consiliere-si-orientare","status":"publish","type":"page","link":"http:\/\/ccoc.upg-ploiesti.ro\/?page_id=66","title":{"rendered":"Consiliere \u0219i orientare"},"content":{"rendered":"<p>Mecanismele care construiesc alegerile \u00een carier\u0103 sunt multifactoriale \u015fi multidimensionale: ele rezult\u0103 dintr-un ansamblu logic care nu poate fi \u00eenteles dec\u00e2t dac\u0103 ne vom situa concret \u00eentr-un mediu, \u00eentr-un context, o via\u0163\u0103, o istorie sau un parcurs de dezvoltare ale c\u0103ror multiple aspecte sunt susceptibile, la un moment dat, de a influen\u0163a pozitiv sau negativ alegerile noastre.<\/p>\n<p>Proiectul de orientare \u015fcolar\u0103 sau profesional\u0103 este sus\u0163inut de ideea de a-i ajuta pe tineri s\u0103 aleag\u0103 \u00een mod liber \u015fi con\u015ftient un drum care li se potrive\u015fte. \u015ei pentru ca o alegere s\u0103 fie liber\u0103, nu este suficient a se lucra doar asupra reprezent\u0103rilor de rol \u015fi asupra lumii muncii, ci se impune identificarea a numeroase alte aspecte ale realit\u0103\u0163ii tinerilor \u015fi ale orient\u0103rii lor, susceptibile de a le influen\u0163a \u015fi constr\u00e2nge deciziile, fie c\u0103 sunt con\u015ftiente sau nu, fie c\u0103 reprezint\u0103 rezultatul propriei voin\u0163e sau c\u0103 sunt \u00eempotriva acesteia.<\/p>\n<p>Proiectul de orientare \u015fcolar\u0103, proiectul profesional \u015fi proiectul de via\u0163\u0103 reprezint\u0103 trei perspective autonome \u015fi totu\u015fi integrate. Ele se supun, adesea, unui\u00a0 paradox, t\u00e2n\u0103rul fiind prins \u00eentre mediul (social \u015fi familial) care-l determin\u0103 s\u0103 caute, s\u0103 cerceteze ceea ce el vrea s\u0103 fac\u0103 mai t\u00e2rziu, s\u0103 adopte un proiect, \u015fi constr\u00e2ngerile personale, familiale sau sociale care \u00eempiedic\u0103 realizarea proiectelor sale.<\/p>\n<p>G\u0103si\u021bi mai jos resurse de informare pentru consiliere \u0219i orientare:<\/p>\n\n\n<div id=\"shailan-subpages-66-1\"><ul class=\"subpages\"><li class=\"page_item page-item-290\"><a href=\"http:\/\/ccoc.upg-ploiesti.ro\/?page_id=290\" title=\"Chestionare pentru selectarea domeniului profesional \u0219i cunoa\u0219terea personalit\u0103\u021bii\" rel=\"\">Chestionare pentru selectarea domeniului profesional \u0219i cunoa\u0219terea personalit\u0103\u021bii<\/a><\/li>\n<li class=\"page_item page-item-81\"><a href=\"http:\/\/ccoc.upg-ploiesti.ro\/?page_id=81\" title=\"Cum s\u0103 \u00ee\u021bi construie\u0219ti un plan de dezvoltare personal\u0103 (workshop)\" rel=\"\">Cum s\u0103 \u00ee\u021bi construie\u0219ti un plan de dezvoltare personal\u0103 (workshop)<\/a><\/li>\n<li class=\"page_item page-item-72\"><a href=\"http:\/\/ccoc.upg-ploiesti.ro\/?page_id=72\" title=\"Descopera \u0219i valorific\u0103 (workshop)\" rel=\"\">Descopera \u0219i valorific\u0103 (workshop)<\/a><\/li>\n<li class=\"page_item page-item-284\"><a href=\"http:\/\/ccoc.upg-ploiesti.ro\/?page_id=284\" title=\"Emo\u0163iile \u2013 preia controlul asupra emo\u0163iilor (workshop)\" rel=\"\">Emo\u0163iile \u2013 preia controlul asupra emo\u0163iilor (workshop)<\/a><\/li>\n<li class=\"page_item page-item-76\"><a href=\"http:\/\/ccoc.upg-ploiesti.ro\/?page_id=76\" title=\"F\u0103 diferen\u021ba prin atitudine (workshop)\" rel=\"\">F\u0103 diferen\u021ba prin atitudine (workshop)<\/a><\/li>\n<li class=\"page_item page-item-296\"><a href=\"http:\/\/ccoc.upg-ploiesti.ro\/?page_id=296\" title=\"Introducere \u00een managementul carierei\" rel=\"\">Introducere \u00een managementul carierei<\/a><\/li>\n<li class=\"page_item page-item-78\"><a href=\"http:\/\/ccoc.upg-ploiesti.ro\/?page_id=78\" title=\"\u00cenva\u021b\u0103 ce \u00eenseamn\u0103 munca \u00een echip\u0103 (workshop)\" rel=\"\">\u00cenva\u021b\u0103 ce \u00eenseamn\u0103 munca \u00een echip\u0103 (workshop)<\/a><\/li>\n<li class=\"page_item page-item-70\"><a href=\"http:\/\/ccoc.upg-ploiesti.ro\/?page_id=70\" title=\"Oglinda \u00eencrederii tale (workshop)\" rel=\"\">Oglinda \u00eencrederii tale (workshop)<\/a><\/li>\n<li class=\"page_item page-item-74\"><a href=\"http:\/\/ccoc.upg-ploiesti.ro\/?page_id=74\" title=\"Suntem diferi\u021bi, \u00eenv\u0103\u021b\u0103m diferit (workshop)\" rel=\"\">Suntem diferi\u021bi, \u00eenv\u0103\u021b\u0103m diferit (workshop)<\/a><\/li>\n<\/ul><\/div>\n","protected":false},"excerpt":{"rendered":"<p>Mecanismele care construiesc alegerile \u00een carier\u0103 sunt multifactoriale \u015fi multidimensionale: ele rezult\u0103 dintr-un ansamblu logic care nu poate fi \u00eenteles dec\u00e2t dac\u0103 ne vom situa concret \u00eentr-un mediu, \u00eentr-un context, o via\u0163\u0103, o istorie sau un parcurs de dezvoltare ale c\u0103ror multiple aspecte sunt susceptibile, la un moment dat, de a influen\u0163a pozitiv sau negativ&#8230;<\/p>\n","protected":false},"author":1,"featured_media":233,"parent":0,"menu_order":0,"comment_status":"closed","ping_status":"closed","template":"","meta":{"_kad_post_transparent":"","_kad_post_title":"","_kad_post_layout":"","_kad_post_sidebar_id":"","_kad_post_content_style":"","_kad_post_vertical_padding":"","_kad_post_feature":"","_kad_post_feature_position":"","_kad_post_header":false,"_kad_post_footer":false,"footnotes":""},"class_list":["post-66","page","type-page","status-publish","has-post-thumbnail","hentry"],"yoast_head":"<!-- This site is optimized with the Yoast SEO plugin v24.5 - https:\/\/yoast.com\/wordpress\/plugins\/seo\/ -->\n<title>Consiliere \u0219i orientare - Centrul de Consiliere \u0219i Orientare \u00een Carier\u0103<\/title>\n<meta name=\"robots\" content=\"index, follow, max-snippet:-1, max-image-preview:large, max-video-preview:-1\" \/>\n<link rel=\"canonical\" href=\"http:\/\/ccoc.upg-ploiesti.ro\/?page_id=66\" \/>\n<meta property=\"og:locale\" content=\"en_US\" \/>\n<meta property=\"og:type\" content=\"article\" \/>\n<meta property=\"og:title\" content=\"Consiliere \u0219i orientare - Centrul de Consiliere \u0219i Orientare \u00een Carier\u0103\" \/>\n<meta property=\"og:description\" content=\"Mecanismele care construiesc alegerile \u00een carier\u0103 sunt multifactoriale \u015fi multidimensionale: ele rezult\u0103 dintr-un ansamblu logic care nu poate fi \u00eenteles dec\u00e2t dac\u0103 ne vom situa concret \u00eentr-un mediu, \u00eentr-un context, o via\u0163\u0103, o istorie sau un parcurs de dezvoltare ale c\u0103ror multiple aspecte sunt susceptibile, la un moment dat, de a influen\u0163a pozitiv sau negativ...\" \/>\n<meta property=\"og:url\" content=\"http:\/\/ccoc.upg-ploiesti.ro\/?page_id=66\" \/>\n<meta property=\"og:site_name\" content=\"Centrul de Consiliere \u0219i Orientare \u00een Carier\u0103\" \/>\n<meta property=\"article:modified_time\" content=\"2022-06-02T10:47:05+00:00\" \/>\n<meta property=\"og:image\" content=\"http:\/\/ccoc.upg-ploiesti.ro\/wp-content\/uploads\/2022\/06\/writing-read-creative-white-time-old-738184-pxhere.com_-scaled.jpg\" \/>\n\t<meta property=\"og:image:width\" content=\"2560\" \/>\n\t<meta property=\"og:image:height\" content=\"1374\" \/>\n\t<meta property=\"og:image:type\" content=\"image\/jpeg\" \/>\n<meta name=\"twitter:card\" content=\"summary_large_image\" \/>\n<meta name=\"twitter:label1\" content=\"Est. reading time\" \/>\n\t<meta name=\"twitter:data1\" content=\"1 minute\" \/>\n<script type=\"application\/ld+json\" class=\"yoast-schema-graph\">{\"@context\":\"https:\/\/schema.org\",\"@graph\":[{\"@type\":\"WebPage\",\"@id\":\"http:\/\/ccoc.upg-ploiesti.ro\/?page_id=66\",\"url\":\"http:\/\/ccoc.upg-ploiesti.ro\/?page_id=66\",\"name\":\"Consiliere \u0219i orientare - Centrul de Consiliere \u0219i Orientare \u00een Carier\u0103\",\"isPartOf\":{\"@id\":\"http:\/\/ccoc.upg-ploiesti.ro\/#website\"},\"primaryImageOfPage\":{\"@id\":\"http:\/\/ccoc.upg-ploiesti.ro\/?page_id=66#primaryimage\"},\"image\":{\"@id\":\"http:\/\/ccoc.upg-ploiesti.ro\/?page_id=66#primaryimage\"},\"thumbnailUrl\":\"http:\/\/ccoc.upg-ploiesti.ro\/wp-content\/uploads\/2022\/06\/writing-read-creative-white-time-old-738184-pxhere.com_-scaled.jpg\",\"datePublished\":\"2017-11-23T14:44:04+00:00\",\"dateModified\":\"2022-06-02T10:47:05+00:00\",\"breadcrumb\":{\"@id\":\"http:\/\/ccoc.upg-ploiesti.ro\/?page_id=66#breadcrumb\"},\"inLanguage\":\"en-US\",\"potentialAction\":[{\"@type\":\"ReadAction\",\"target\":[\"http:\/\/ccoc.upg-ploiesti.ro\/?page_id=66\"]}]},{\"@type\":\"ImageObject\",\"inLanguage\":\"en-US\",\"@id\":\"http:\/\/ccoc.upg-ploiesti.ro\/?page_id=66#primaryimage\",\"url\":\"http:\/\/ccoc.upg-ploiesti.ro\/wp-content\/uploads\/2022\/06\/writing-read-creative-white-time-old-738184-pxhere.com_-scaled.jpg\",\"contentUrl\":\"http:\/\/ccoc.upg-ploiesti.ro\/wp-content\/uploads\/2022\/06\/writing-read-creative-white-time-old-738184-pxhere.com_-scaled.jpg\",\"width\":2560,\"height\":1374},{\"@type\":\"BreadcrumbList\",\"@id\":\"http:\/\/ccoc.upg-ploiesti.ro\/?page_id=66#breadcrumb\",\"itemListElement\":[{\"@type\":\"ListItem\",\"position\":1,\"name\":\"Home\",\"item\":\"http:\/\/ccoc.upg-ploiesti.ro\/\"},{\"@type\":\"ListItem\",\"position\":2,\"name\":\"Consiliere \u0219i orientare\"}]},{\"@type\":\"WebSite\",\"@id\":\"http:\/\/ccoc.upg-ploiesti.ro\/#website\",\"url\":\"http:\/\/ccoc.upg-ploiesti.ro\/\",\"name\":\"Centrul de Consiliere \u0219i Orientare \u00een Carier\u0103\",\"description\":\"Universitatea Petrol-Gaze din Ploie\u0219ti\",\"potentialAction\":[{\"@type\":\"SearchAction\",\"target\":{\"@type\":\"EntryPoint\",\"urlTemplate\":\"http:\/\/ccoc.upg-ploiesti.ro\/?s={search_term_string}\"},\"query-input\":{\"@type\":\"PropertyValueSpecification\",\"valueRequired\":true,\"valueName\":\"search_term_string\"}}],\"inLanguage\":\"en-US\"}]}<\/script>\n<!-- \/ Yoast SEO plugin. -->","yoast_head_json":{"title":"Consiliere \u0219i orientare - Centrul de Consiliere \u0219i Orientare \u00een Carier\u0103","robots":{"index":"index","follow":"follow","max-snippet":"max-snippet:-1","max-image-preview":"max-image-preview:large","max-video-preview":"max-video-preview:-1"},"canonical":"http:\/\/ccoc.upg-ploiesti.ro\/?page_id=66","og_locale":"en_US","og_type":"article","og_title":"Consiliere \u0219i orientare - Centrul de Consiliere \u0219i Orientare \u00een Carier\u0103","og_description":"Mecanismele care construiesc alegerile \u00een carier\u0103 sunt multifactoriale \u015fi multidimensionale: ele rezult\u0103 dintr-un ansamblu logic care nu poate fi \u00eenteles dec\u00e2t dac\u0103 ne vom situa concret \u00eentr-un mediu, \u00eentr-un context, o via\u0163\u0103, o istorie sau un parcurs de dezvoltare ale c\u0103ror multiple aspecte sunt susceptibile, la un moment dat, de a influen\u0163a pozitiv sau negativ...","og_url":"http:\/\/ccoc.upg-ploiesti.ro\/?page_id=66","og_site_name":"Centrul de Consiliere \u0219i Orientare \u00een Carier\u0103","article_modified_time":"2022-06-02T10:47:05+00:00","og_image":[{"width":2560,"height":1374,"url":"http:\/\/ccoc.upg-ploiesti.ro\/wp-content\/uploads\/2022\/06\/writing-read-creative-white-time-old-738184-pxhere.com_-scaled.jpg","type":"image\/jpeg"}],"twitter_card":"summary_large_image","twitter_misc":{"Est. reading time":"1 minute"},"schema":{"@context":"https:\/\/schema.org","@graph":[{"@type":"WebPage","@id":"http:\/\/ccoc.upg-ploiesti.ro\/?page_id=66","url":"http:\/\/ccoc.upg-ploiesti.ro\/?page_id=66","name":"Consiliere \u0219i orientare - Centrul de Consiliere \u0219i Orientare \u00een Carier\u0103","isPartOf":{"@id":"http:\/\/ccoc.upg-ploiesti.ro\/#website"},"primaryImageOfPage":{"@id":"http:\/\/ccoc.upg-ploiesti.ro\/?page_id=66#primaryimage"},"image":{"@id":"http:\/\/ccoc.upg-ploiesti.ro\/?page_id=66#primaryimage"},"thumbnailUrl":"http:\/\/ccoc.upg-ploiesti.ro\/wp-content\/uploads\/2022\/06\/writing-read-creative-white-time-old-738184-pxhere.com_-scaled.jpg","datePublished":"2017-11-23T14:44:04+00:00","dateModified":"2022-06-02T10:47:05+00:00","breadcrumb":{"@id":"http:\/\/ccoc.upg-ploiesti.ro\/?page_id=66#breadcrumb"},"inLanguage":"en-US","potentialAction":[{"@type":"ReadAction","target":["http:\/\/ccoc.upg-ploiesti.ro\/?page_id=66"]}]},{"@type":"ImageObject","inLanguage":"en-US","@id":"http:\/\/ccoc.upg-ploiesti.ro\/?page_id=66#primaryimage","url":"http:\/\/ccoc.upg-ploiesti.ro\/wp-content\/uploads\/2022\/06\/writing-read-creative-white-time-old-738184-pxhere.com_-scaled.jpg","contentUrl":"http:\/\/ccoc.upg-ploiesti.ro\/wp-content\/uploads\/2022\/06\/writing-read-creative-white-time-old-738184-pxhere.com_-scaled.jpg","width":2560,"height":1374},{"@type":"BreadcrumbList","@id":"http:\/\/ccoc.upg-ploiesti.ro\/?page_id=66#breadcrumb","itemListElement":[{"@type":"ListItem","position":1,"name":"Home","item":"http:\/\/ccoc.upg-ploiesti.ro\/"},{"@type":"ListItem","position":2,"name":"Consiliere \u0219i orientare"}]},{"@type":"WebSite","@id":"http:\/\/ccoc.upg-ploiesti.ro\/#website","url":"http:\/\/ccoc.upg-ploiesti.ro\/","name":"Centrul de Consiliere \u0219i Orientare \u00een Carier\u0103","description":"Universitatea Petrol-Gaze din Ploie\u0219ti","potentialAction":[{"@type":"SearchAction","target":{"@type":"EntryPoint","urlTemplate":"http:\/\/ccoc.upg-ploiesti.ro\/?s={search_term_string}"},"query-input":{"@type":"PropertyValueSpecification","valueRequired":true,"valueName":"search_term_string"}}],"inLanguage":"en-US"}]}},"_links":{"self":[{"href":"http:\/\/ccoc.upg-ploiesti.ro\/index.php?rest_route=\/wp\/v2\/pages\/66","targetHints":{"allow":["GET"]}}],"collection":[{"href":"http:\/\/ccoc.upg-ploiesti.ro\/index.php?rest_route=\/wp\/v2\/pages"}],"about":[{"href":"http:\/\/ccoc.upg-ploiesti.ro\/index.php?rest_route=\/wp\/v2\/types\/page"}],"author":[{"embeddable":true,"href":"http:\/\/ccoc.upg-ploiesti.ro\/index.php?rest_route=\/wp\/v2\/users\/1"}],"replies":[{"embeddable":true,"href":"http:\/\/ccoc.upg-ploiesti.ro\/index.php?rest_route=%2Fwp%2Fv2%2Fcomments&post=66"}],"version-history":[{"count":4,"href":"http:\/\/ccoc.upg-ploiesti.ro\/index.php?rest_route=\/wp\/v2\/pages\/66\/revisions"}],"predecessor-version":[{"id":280,"href":"http:\/\/ccoc.upg-ploiesti.ro\/index.php?rest_route=\/wp\/v2\/pages\/66\/revisions\/280"}],"wp:featuredmedia":[{"embeddable":true,"href":"http:\/\/ccoc.upg-ploiesti.ro\/index.php?rest_route=\/wp\/v2\/media\/233"}],"wp:attachment":[{"href":"http:\/\/ccoc.upg-ploiesti.ro\/index.php?rest_route=%2Fwp%2Fv2%2Fmedia&parent=66"}],"curies":[{"name":"wp","href":"https:\/\/api.w.org\/{rel}","templated":true}]}}