{"id":70,"date":"2017-11-23T16:45:32","date_gmt":"2017-11-23T14:45:32","guid":{"rendered":"http:\/\/ccoc.upg-ploiesti.ro\/?page_id=70"},"modified":"2022-06-02T11:44:33","modified_gmt":"2022-06-02T08:44:33","slug":"oglinda-increderii-tale","status":"publish","type":"page","link":"http:\/\/ccoc.upg-ploiesti.ro\/?page_id=70","title":{"rendered":"Oglinda \u00eencrederii tale (workshop)"},"content":{"rendered":"<p><strong>Oglinda \u00eencrederii tale. Cre\u015fte pas cu pas stima de sine!<\/strong><\/p>\n<p>Stima de sine se reflect\u0103 \u00een modul \u00een care o persoan\u0103 \u00ee\u015fi evalueaz\u0103 gradul de competen\u0163\u0103, importan\u0163a, succesul \u015fi valoarea sa. Ea afecteaz\u0103 tot ceea ce faci. O stim\u0103 de sine \u00eenalt\u0103 este determinat\u0103 de g\u00e2nduri pozitive \u015fi se reflect\u0103 \u00eentr-o atitudine pozitiv\u0103.<\/p>\n<p>Prima regul\u0103 \u00een ceea ce prive\u015fte stima de sine este aceea de a te cunoa\u015fte pe tine \u00eensu\u0163i. Altfel spus, s\u0103 fii capabil s\u0103 identifici ce \u00ee\u0163i place \u015fi ce nu-\u0163i place; s\u0103 po\u0163i vorbi despre reu\u015fitele tale, dar, \u00een egal\u0103 m\u0103sur\u0103, \u015fi despre e\u015fecuri; s\u0103 ai puterea de a-\u0163i recunoa\u015fte calit\u0103\u0163ile \u015fi punctele slabe, vulnerabile.<\/p>\n<p>A te cunoa\u015fte este necesar, dar nu suficient. \u00cenainte de toate trebuie s\u0103 te accep\u0163i. C\u0103ci nu este nevoie s\u0103 posezi numai calit\u0103\u0163i pentru a avea o stim\u0103 de sine ridicat\u0103. Dar, este fundamental s\u0103 ai puterea de a-\u0163i asuma gre\u015felile \u015fi a dori s\u0103 produci o schimbare.<\/p>\n<p><strong><em>Obiectivele atelierului:<\/em><\/strong><\/p>\n<ul>\n<li>\u00eencurajarea exprim\u0103rii libere a propriilor idei\/opinii \u00een cadrul grupului;<\/li>\n<li>identificarea \u201epersoanelor resurs\u0103\u201d \u015fi a locurilor primitoare;<\/li>\n<li>dezvoltarea competen\u0163elor psiho-sociale \u015fi a sentimentului stimei de sine.<\/li>\n<\/ul>\n<p><strong><em>Public \u0163int\u0103:<\/em><\/strong><\/p>\n<ul>\n<li>studen\u0163i la programele de licen\u0163\u0103\/masterat;<\/li>\n<li>maxim 6 studen\u0163i\/atelier.<\/li>\n<\/ul>\n<p><strong><em>Durata:<\/em><\/strong> 1 or\u0103.<\/p>\n","protected":false},"excerpt":{"rendered":"<p>Oglinda \u00eencrederii tale. Cre\u015fte pas cu pas stima de sine! Stima de sine se reflect\u0103 \u00een modul \u00een care o persoan\u0103 \u00ee\u015fi evalueaz\u0103 gradul de competen\u0163\u0103, importan\u0163a, succesul \u015fi valoarea sa. Ea afecteaz\u0103 tot ceea ce faci. O stim\u0103 de sine \u00eenalt\u0103 este determinat\u0103 de g\u00e2nduri pozitive \u015fi se reflect\u0103 \u00eentr-o atitudine pozitiv\u0103. Prima regul\u0103&#8230;<\/p>\n","protected":false},"author":1,"featured_media":0,"parent":66,"menu_order":0,"comment_status":"closed","ping_status":"closed","template":"","meta":{"_kad_post_transparent":"","_kad_post_title":"","_kad_post_layout":"","_kad_post_sidebar_id":"","_kad_post_content_style":"","_kad_post_vertical_padding":"","_kad_post_feature":"","_kad_post_feature_position":"","_kad_post_header":false,"_kad_post_footer":false,"footnotes":""},"class_list":["post-70","page","type-page","status-publish","hentry"],"yoast_head":"<!-- This site is optimized with the Yoast SEO plugin v24.5 - https:\/\/yoast.com\/wordpress\/plugins\/seo\/ -->\n<title>Oglinda \u00eencrederii tale (workshop) - Centrul de Consiliere \u0219i Orientare \u00een Carier\u0103<\/title>\n<meta name=\"robots\" content=\"index, follow, max-snippet:-1, max-image-preview:large, max-video-preview:-1\" \/>\n<link rel=\"canonical\" href=\"http:\/\/ccoc.upg-ploiesti.ro\/?page_id=70\" \/>\n<meta property=\"og:locale\" content=\"en_US\" \/>\n<meta property=\"og:type\" content=\"article\" \/>\n<meta property=\"og:title\" content=\"Oglinda \u00eencrederii tale (workshop) - Centrul de Consiliere \u0219i Orientare \u00een Carier\u0103\" \/>\n<meta property=\"og:description\" content=\"Oglinda \u00eencrederii tale. Cre\u015fte pas cu pas stima de sine! Stima de sine se reflect\u0103 \u00een modul \u00een care o persoan\u0103 \u00ee\u015fi evalueaz\u0103 gradul de competen\u0163\u0103, importan\u0163a, succesul \u015fi valoarea sa. Ea afecteaz\u0103 tot ceea ce faci. O stim\u0103 de sine \u00eenalt\u0103 este determinat\u0103 de g\u00e2nduri pozitive \u015fi se reflect\u0103 \u00eentr-o atitudine pozitiv\u0103. Prima regul\u0103...\" \/>\n<meta property=\"og:url\" content=\"http:\/\/ccoc.upg-ploiesti.ro\/?page_id=70\" \/>\n<meta property=\"og:site_name\" content=\"Centrul de Consiliere \u0219i Orientare \u00een Carier\u0103\" \/>\n<meta property=\"article:modified_time\" content=\"2022-06-02T08:44:33+00:00\" \/>\n<meta name=\"twitter:card\" content=\"summary_large_image\" \/>\n<meta name=\"twitter:label1\" content=\"Est. reading time\" \/>\n\t<meta name=\"twitter:data1\" content=\"1 minute\" \/>\n<script type=\"application\/ld+json\" class=\"yoast-schema-graph\">{\"@context\":\"https:\/\/schema.org\",\"@graph\":[{\"@type\":\"WebPage\",\"@id\":\"http:\/\/ccoc.upg-ploiesti.ro\/?page_id=70\",\"url\":\"http:\/\/ccoc.upg-ploiesti.ro\/?page_id=70\",\"name\":\"Oglinda \u00eencrederii tale (workshop) - Centrul de Consiliere \u0219i Orientare \u00een Carier\u0103\",\"isPartOf\":{\"@id\":\"http:\/\/ccoc.upg-ploiesti.ro\/#website\"},\"datePublished\":\"2017-11-23T14:45:32+00:00\",\"dateModified\":\"2022-06-02T08:44:33+00:00\",\"breadcrumb\":{\"@id\":\"http:\/\/ccoc.upg-ploiesti.ro\/?page_id=70#breadcrumb\"},\"inLanguage\":\"en-US\",\"potentialAction\":[{\"@type\":\"ReadAction\",\"target\":[\"http:\/\/ccoc.upg-ploiesti.ro\/?page_id=70\"]}]},{\"@type\":\"BreadcrumbList\",\"@id\":\"http:\/\/ccoc.upg-ploiesti.ro\/?page_id=70#breadcrumb\",\"itemListElement\":[{\"@type\":\"ListItem\",\"position\":1,\"name\":\"Home\",\"item\":\"http:\/\/ccoc.upg-ploiesti.ro\/\"},{\"@type\":\"ListItem\",\"position\":2,\"name\":\"Consiliere \u0219i orientare\",\"item\":\"http:\/\/ccoc.upg-ploiesti.ro\/?page_id=66\"},{\"@type\":\"ListItem\",\"position\":3,\"name\":\"Oglinda \u00eencrederii tale (workshop)\"}]},{\"@type\":\"WebSite\",\"@id\":\"http:\/\/ccoc.upg-ploiesti.ro\/#website\",\"url\":\"http:\/\/ccoc.upg-ploiesti.ro\/\",\"name\":\"Centrul de Consiliere \u0219i Orientare \u00een Carier\u0103\",\"description\":\"Universitatea Petrol-Gaze din Ploie\u0219ti\",\"potentialAction\":[{\"@type\":\"SearchAction\",\"target\":{\"@type\":\"EntryPoint\",\"urlTemplate\":\"http:\/\/ccoc.upg-ploiesti.ro\/?s={search_term_string}\"},\"query-input\":{\"@type\":\"PropertyValueSpecification\",\"valueRequired\":true,\"valueName\":\"search_term_string\"}}],\"inLanguage\":\"en-US\"}]}<\/script>\n<!-- \/ Yoast SEO plugin. -->","yoast_head_json":{"title":"Oglinda \u00eencrederii tale (workshop) - Centrul de Consiliere \u0219i Orientare \u00een Carier\u0103","robots":{"index":"index","follow":"follow","max-snippet":"max-snippet:-1","max-image-preview":"max-image-preview:large","max-video-preview":"max-video-preview:-1"},"canonical":"http:\/\/ccoc.upg-ploiesti.ro\/?page_id=70","og_locale":"en_US","og_type":"article","og_title":"Oglinda \u00eencrederii tale (workshop) - Centrul de Consiliere \u0219i Orientare \u00een Carier\u0103","og_description":"Oglinda \u00eencrederii tale. Cre\u015fte pas cu pas stima de sine! Stima de sine se reflect\u0103 \u00een modul \u00een care o persoan\u0103 \u00ee\u015fi evalueaz\u0103 gradul de competen\u0163\u0103, importan\u0163a, succesul \u015fi valoarea sa. Ea afecteaz\u0103 tot ceea ce faci. O stim\u0103 de sine \u00eenalt\u0103 este determinat\u0103 de g\u00e2nduri pozitive \u015fi se reflect\u0103 \u00eentr-o atitudine pozitiv\u0103. Prima regul\u0103...","og_url":"http:\/\/ccoc.upg-ploiesti.ro\/?page_id=70","og_site_name":"Centrul de Consiliere \u0219i Orientare \u00een Carier\u0103","article_modified_time":"2022-06-02T08:44:33+00:00","twitter_card":"summary_large_image","twitter_misc":{"Est. reading time":"1 minute"},"schema":{"@context":"https:\/\/schema.org","@graph":[{"@type":"WebPage","@id":"http:\/\/ccoc.upg-ploiesti.ro\/?page_id=70","url":"http:\/\/ccoc.upg-ploiesti.ro\/?page_id=70","name":"Oglinda \u00eencrederii tale (workshop) - Centrul de Consiliere \u0219i Orientare \u00een Carier\u0103","isPartOf":{"@id":"http:\/\/ccoc.upg-ploiesti.ro\/#website"},"datePublished":"2017-11-23T14:45:32+00:00","dateModified":"2022-06-02T08:44:33+00:00","breadcrumb":{"@id":"http:\/\/ccoc.upg-ploiesti.ro\/?page_id=70#breadcrumb"},"inLanguage":"en-US","potentialAction":[{"@type":"ReadAction","target":["http:\/\/ccoc.upg-ploiesti.ro\/?page_id=70"]}]},{"@type":"BreadcrumbList","@id":"http:\/\/ccoc.upg-ploiesti.ro\/?page_id=70#breadcrumb","itemListElement":[{"@type":"ListItem","position":1,"name":"Home","item":"http:\/\/ccoc.upg-ploiesti.ro\/"},{"@type":"ListItem","position":2,"name":"Consiliere \u0219i orientare","item":"http:\/\/ccoc.upg-ploiesti.ro\/?page_id=66"},{"@type":"ListItem","position":3,"name":"Oglinda \u00eencrederii tale (workshop)"}]},{"@type":"WebSite","@id":"http:\/\/ccoc.upg-ploiesti.ro\/#website","url":"http:\/\/ccoc.upg-ploiesti.ro\/","name":"Centrul de Consiliere \u0219i Orientare \u00een Carier\u0103","description":"Universitatea Petrol-Gaze din Ploie\u0219ti","potentialAction":[{"@type":"SearchAction","target":{"@type":"EntryPoint","urlTemplate":"http:\/\/ccoc.upg-ploiesti.ro\/?s={search_term_string}"},"query-input":{"@type":"PropertyValueSpecification","valueRequired":true,"valueName":"search_term_string"}}],"inLanguage":"en-US"}]}},"_links":{"self":[{"href":"http:\/\/ccoc.upg-ploiesti.ro\/index.php?rest_route=\/wp\/v2\/pages\/70","targetHints":{"allow":["GET"]}}],"collection":[{"href":"http:\/\/ccoc.upg-ploiesti.ro\/index.php?rest_route=\/wp\/v2\/pages"}],"about":[{"href":"http:\/\/ccoc.upg-ploiesti.ro\/index.php?rest_route=\/wp\/v2\/types\/page"}],"author":[{"embeddable":true,"href":"http:\/\/ccoc.upg-ploiesti.ro\/index.php?rest_route=\/wp\/v2\/users\/1"}],"replies":[{"embeddable":true,"href":"http:\/\/ccoc.upg-ploiesti.ro\/index.php?rest_route=%2Fwp%2Fv2%2Fcomments&post=70"}],"version-history":[{"count":2,"href":"http:\/\/ccoc.upg-ploiesti.ro\/index.php?rest_route=\/wp\/v2\/pages\/70\/revisions"}],"predecessor-version":[{"id":252,"href":"http:\/\/ccoc.upg-ploiesti.ro\/index.php?rest_route=\/wp\/v2\/pages\/70\/revisions\/252"}],"up":[{"embeddable":true,"href":"http:\/\/ccoc.upg-ploiesti.ro\/index.php?rest_route=\/wp\/v2\/pages\/66"}],"wp:attachment":[{"href":"http:\/\/ccoc.upg-ploiesti.ro\/index.php?rest_route=%2Fwp%2Fv2%2Fmedia&parent=70"}],"curies":[{"name":"wp","href":"https:\/\/api.w.org\/{rel}","templated":true}]}}