{"id":72,"date":"2017-11-23T16:46:21","date_gmt":"2017-11-23T14:46:21","guid":{"rendered":"http:\/\/ccoc.upg-ploiesti.ro\/?page_id=72"},"modified":"2022-06-02T11:43:39","modified_gmt":"2022-06-02T08:43:39","slug":"descopera-si-valorifica","status":"publish","type":"page","link":"http:\/\/ccoc.upg-ploiesti.ro\/?page_id=72","title":{"rendered":"Descopera \u0219i valorific\u0103 (workshop)"},"content":{"rendered":"<p><strong>Descoper\u0103 \u015fi valorific\u0103-\u0163i interesele!<\/strong><\/p>\n<p>\u00cencepi s\u0103 te g\u00e2nde\u015fti din ce \u00een ce mai mult la a-\u0163i construi un proiect sus\u0163inut pentru dezvoltarea carierei. Nu pare \u00eens\u0103 deloc simplu&#8230; Dintr-o dat\u0103, se declan\u015feaz\u0103 o avalan\u015f\u0103 de \u00eentreb\u0103ri: Ce trebuie s\u0103 fac pentru a elabora un proiect profesional ambi\u0163ios, dar realist? Cum \u00eemi identific abilit\u0103\u0163ile? \u00cen ce domeniu se plaseaz\u0103 competen\u0163ele mele profesionale? Care sunt valorile muncii mele?<\/p>\n<p><strong><em>Obiectivele atelierului:<\/em><\/strong><\/p>\n<ul>\n<li>dezvoltarea capacit\u0103\u0163ilor de auto-investigare, auto-evaluare, analiz\u0103 critic\u0103;<\/li>\n<li>explorarea unor experien\u0163e personale \u015fi profesionale \u00een vederea detect\u0103rii abilit\u0103\u0163ilor valorificate \u00een cadrul lor;<\/li>\n<li>identificarea intereselor \u015fi valorilor profesionale;<\/li>\n<li>compatibilizarea abilit\u0103\u0163ilor, intereselor, valorilor personale cu solicit\u0103rile externe\/exigen\u0163ele pie\u0163ei muncii.<\/li>\n<\/ul>\n<p><strong><em>Public \u0163int\u0103:<\/em><\/strong><\/p>\n<ul>\n<li>studen\u0163i la programele de licen\u0163\u0103\/masterat;<\/li>\n<li>maxim 6 studen\u0163i\/atelier.<\/li>\n<\/ul>\n<p><strong><em>Durata:<\/em><\/strong> 1 or\u0103.<\/p>\n","protected":false},"excerpt":{"rendered":"<p>Descoper\u0103 \u015fi valorific\u0103-\u0163i interesele! \u00cencepi s\u0103 te g\u00e2nde\u015fti din ce \u00een ce mai mult la a-\u0163i construi un proiect sus\u0163inut pentru dezvoltarea carierei. Nu pare \u00eens\u0103 deloc simplu&#8230; Dintr-o dat\u0103, se declan\u015feaz\u0103 o avalan\u015f\u0103 de \u00eentreb\u0103ri: Ce trebuie s\u0103 fac pentru a elabora un proiect profesional ambi\u0163ios, dar realist? Cum \u00eemi identific abilit\u0103\u0163ile? \u00cen ce&#8230;<\/p>\n","protected":false},"author":1,"featured_media":0,"parent":66,"menu_order":0,"comment_status":"closed","ping_status":"closed","template":"","meta":{"_kad_post_transparent":"","_kad_post_title":"","_kad_post_layout":"","_kad_post_sidebar_id":"","_kad_post_content_style":"","_kad_post_vertical_padding":"","_kad_post_feature":"","_kad_post_feature_position":"","_kad_post_header":false,"_kad_post_footer":false,"footnotes":""},"class_list":["post-72","page","type-page","status-publish","hentry"],"yoast_head":"<!-- This site is optimized with the Yoast SEO plugin v24.5 - https:\/\/yoast.com\/wordpress\/plugins\/seo\/ -->\n<title>Descopera \u0219i valorific\u0103 (workshop) - Centrul de Consiliere \u0219i Orientare \u00een Carier\u0103<\/title>\n<meta name=\"robots\" content=\"index, follow, max-snippet:-1, max-image-preview:large, max-video-preview:-1\" \/>\n<link rel=\"canonical\" href=\"http:\/\/ccoc.upg-ploiesti.ro\/?page_id=72\" \/>\n<meta property=\"og:locale\" content=\"en_US\" \/>\n<meta property=\"og:type\" content=\"article\" \/>\n<meta property=\"og:title\" content=\"Descopera \u0219i valorific\u0103 (workshop) - Centrul de Consiliere \u0219i Orientare \u00een Carier\u0103\" \/>\n<meta property=\"og:description\" content=\"Descoper\u0103 \u015fi valorific\u0103-\u0163i interesele! \u00cencepi s\u0103 te g\u00e2nde\u015fti din ce \u00een ce mai mult la a-\u0163i construi un proiect sus\u0163inut pentru dezvoltarea carierei. Nu pare \u00eens\u0103 deloc simplu&#8230; Dintr-o dat\u0103, se declan\u015feaz\u0103 o avalan\u015f\u0103 de \u00eentreb\u0103ri: Ce trebuie s\u0103 fac pentru a elabora un proiect profesional ambi\u0163ios, dar realist? Cum \u00eemi identific abilit\u0103\u0163ile? \u00cen ce...\" \/>\n<meta property=\"og:url\" content=\"http:\/\/ccoc.upg-ploiesti.ro\/?page_id=72\" \/>\n<meta property=\"og:site_name\" content=\"Centrul de Consiliere \u0219i Orientare \u00een Carier\u0103\" \/>\n<meta property=\"article:modified_time\" content=\"2022-06-02T08:43:39+00:00\" \/>\n<meta name=\"twitter:card\" content=\"summary_large_image\" \/>\n<meta name=\"twitter:label1\" content=\"Est. reading time\" \/>\n\t<meta name=\"twitter:data1\" content=\"1 minute\" \/>\n<script type=\"application\/ld+json\" class=\"yoast-schema-graph\">{\"@context\":\"https:\/\/schema.org\",\"@graph\":[{\"@type\":\"WebPage\",\"@id\":\"http:\/\/ccoc.upg-ploiesti.ro\/?page_id=72\",\"url\":\"http:\/\/ccoc.upg-ploiesti.ro\/?page_id=72\",\"name\":\"Descopera \u0219i valorific\u0103 (workshop) - Centrul de Consiliere \u0219i Orientare \u00een Carier\u0103\",\"isPartOf\":{\"@id\":\"http:\/\/ccoc.upg-ploiesti.ro\/#website\"},\"datePublished\":\"2017-11-23T14:46:21+00:00\",\"dateModified\":\"2022-06-02T08:43:39+00:00\",\"breadcrumb\":{\"@id\":\"http:\/\/ccoc.upg-ploiesti.ro\/?page_id=72#breadcrumb\"},\"inLanguage\":\"en-US\",\"potentialAction\":[{\"@type\":\"ReadAction\",\"target\":[\"http:\/\/ccoc.upg-ploiesti.ro\/?page_id=72\"]}]},{\"@type\":\"BreadcrumbList\",\"@id\":\"http:\/\/ccoc.upg-ploiesti.ro\/?page_id=72#breadcrumb\",\"itemListElement\":[{\"@type\":\"ListItem\",\"position\":1,\"name\":\"Home\",\"item\":\"http:\/\/ccoc.upg-ploiesti.ro\/\"},{\"@type\":\"ListItem\",\"position\":2,\"name\":\"Consiliere \u0219i orientare\",\"item\":\"http:\/\/ccoc.upg-ploiesti.ro\/?page_id=66\"},{\"@type\":\"ListItem\",\"position\":3,\"name\":\"Descopera \u0219i valorific\u0103 (workshop)\"}]},{\"@type\":\"WebSite\",\"@id\":\"http:\/\/ccoc.upg-ploiesti.ro\/#website\",\"url\":\"http:\/\/ccoc.upg-ploiesti.ro\/\",\"name\":\"Centrul de Consiliere \u0219i Orientare \u00een Carier\u0103\",\"description\":\"Universitatea Petrol-Gaze din Ploie\u0219ti\",\"potentialAction\":[{\"@type\":\"SearchAction\",\"target\":{\"@type\":\"EntryPoint\",\"urlTemplate\":\"http:\/\/ccoc.upg-ploiesti.ro\/?s={search_term_string}\"},\"query-input\":{\"@type\":\"PropertyValueSpecification\",\"valueRequired\":true,\"valueName\":\"search_term_string\"}}],\"inLanguage\":\"en-US\"}]}<\/script>\n<!-- \/ Yoast SEO plugin. -->","yoast_head_json":{"title":"Descopera \u0219i valorific\u0103 (workshop) - Centrul de Consiliere \u0219i Orientare \u00een Carier\u0103","robots":{"index":"index","follow":"follow","max-snippet":"max-snippet:-1","max-image-preview":"max-image-preview:large","max-video-preview":"max-video-preview:-1"},"canonical":"http:\/\/ccoc.upg-ploiesti.ro\/?page_id=72","og_locale":"en_US","og_type":"article","og_title":"Descopera \u0219i valorific\u0103 (workshop) - Centrul de Consiliere \u0219i Orientare \u00een Carier\u0103","og_description":"Descoper\u0103 \u015fi valorific\u0103-\u0163i interesele! \u00cencepi s\u0103 te g\u00e2nde\u015fti din ce \u00een ce mai mult la a-\u0163i construi un proiect sus\u0163inut pentru dezvoltarea carierei. Nu pare \u00eens\u0103 deloc simplu&#8230; Dintr-o dat\u0103, se declan\u015feaz\u0103 o avalan\u015f\u0103 de \u00eentreb\u0103ri: Ce trebuie s\u0103 fac pentru a elabora un proiect profesional ambi\u0163ios, dar realist? Cum \u00eemi identific abilit\u0103\u0163ile? \u00cen ce...","og_url":"http:\/\/ccoc.upg-ploiesti.ro\/?page_id=72","og_site_name":"Centrul de Consiliere \u0219i Orientare \u00een Carier\u0103","article_modified_time":"2022-06-02T08:43:39+00:00","twitter_card":"summary_large_image","twitter_misc":{"Est. reading time":"1 minute"},"schema":{"@context":"https:\/\/schema.org","@graph":[{"@type":"WebPage","@id":"http:\/\/ccoc.upg-ploiesti.ro\/?page_id=72","url":"http:\/\/ccoc.upg-ploiesti.ro\/?page_id=72","name":"Descopera \u0219i valorific\u0103 (workshop) - Centrul de Consiliere \u0219i Orientare \u00een Carier\u0103","isPartOf":{"@id":"http:\/\/ccoc.upg-ploiesti.ro\/#website"},"datePublished":"2017-11-23T14:46:21+00:00","dateModified":"2022-06-02T08:43:39+00:00","breadcrumb":{"@id":"http:\/\/ccoc.upg-ploiesti.ro\/?page_id=72#breadcrumb"},"inLanguage":"en-US","potentialAction":[{"@type":"ReadAction","target":["http:\/\/ccoc.upg-ploiesti.ro\/?page_id=72"]}]},{"@type":"BreadcrumbList","@id":"http:\/\/ccoc.upg-ploiesti.ro\/?page_id=72#breadcrumb","itemListElement":[{"@type":"ListItem","position":1,"name":"Home","item":"http:\/\/ccoc.upg-ploiesti.ro\/"},{"@type":"ListItem","position":2,"name":"Consiliere \u0219i orientare","item":"http:\/\/ccoc.upg-ploiesti.ro\/?page_id=66"},{"@type":"ListItem","position":3,"name":"Descopera \u0219i valorific\u0103 (workshop)"}]},{"@type":"WebSite","@id":"http:\/\/ccoc.upg-ploiesti.ro\/#website","url":"http:\/\/ccoc.upg-ploiesti.ro\/","name":"Centrul de Consiliere \u0219i Orientare \u00een Carier\u0103","description":"Universitatea Petrol-Gaze din Ploie\u0219ti","potentialAction":[{"@type":"SearchAction","target":{"@type":"EntryPoint","urlTemplate":"http:\/\/ccoc.upg-ploiesti.ro\/?s={search_term_string}"},"query-input":{"@type":"PropertyValueSpecification","valueRequired":true,"valueName":"search_term_string"}}],"inLanguage":"en-US"}]}},"_links":{"self":[{"href":"http:\/\/ccoc.upg-ploiesti.ro\/index.php?rest_route=\/wp\/v2\/pages\/72","targetHints":{"allow":["GET"]}}],"collection":[{"href":"http:\/\/ccoc.upg-ploiesti.ro\/index.php?rest_route=\/wp\/v2\/pages"}],"about":[{"href":"http:\/\/ccoc.upg-ploiesti.ro\/index.php?rest_route=\/wp\/v2\/types\/page"}],"author":[{"embeddable":true,"href":"http:\/\/ccoc.upg-ploiesti.ro\/index.php?rest_route=\/wp\/v2\/users\/1"}],"replies":[{"embeddable":true,"href":"http:\/\/ccoc.upg-ploiesti.ro\/index.php?rest_route=%2Fwp%2Fv2%2Fcomments&post=72"}],"version-history":[{"count":2,"href":"http:\/\/ccoc.upg-ploiesti.ro\/index.php?rest_route=\/wp\/v2\/pages\/72\/revisions"}],"predecessor-version":[{"id":249,"href":"http:\/\/ccoc.upg-ploiesti.ro\/index.php?rest_route=\/wp\/v2\/pages\/72\/revisions\/249"}],"up":[{"embeddable":true,"href":"http:\/\/ccoc.upg-ploiesti.ro\/index.php?rest_route=\/wp\/v2\/pages\/66"}],"wp:attachment":[{"href":"http:\/\/ccoc.upg-ploiesti.ro\/index.php?rest_route=%2Fwp%2Fv2%2Fmedia&parent=72"}],"curies":[{"name":"wp","href":"https:\/\/api.w.org\/{rel}","templated":true}]}}