{"id":81,"date":"2017-11-23T16:51:03","date_gmt":"2017-11-23T14:51:03","guid":{"rendered":"http:\/\/ccoc.upg-ploiesti.ro\/?page_id=81"},"modified":"2022-06-02T11:42:01","modified_gmt":"2022-06-02T08:42:01","slug":"cum-sa-iti-construiesti-un-plan-de-dezvoltare-personala","status":"publish","type":"page","link":"http:\/\/ccoc.upg-ploiesti.ro\/?page_id=81","title":{"rendered":"Cum s\u0103 \u00ee\u021bi construie\u0219ti un plan de dezvoltare personal\u0103 (workshop)"},"content":{"rendered":"<p><strong>Cum s\u0103-\u0163i construiesti un plan de dezvoltare personal\u0103 <\/strong><strong>&nbsp;astfel \u00eenc\u00e2t s\u0103 \u00eel respec\u0163i?<\/strong><\/p>\n<p>Calea c\u0103tre viitor nu trebuie g\u0103sit\u0103, ci creat\u0103, iar ac\u0163iunile noastre schimb\u0103 at\u00e2t destina\u0163ia, c\u00e2t \u015fi persoana.<\/p>\n<p>Este important s\u0103 vrei s\u0103 te cuno\u015fti mai bine \u015fi s\u0103 te dezvol\u0163i. Iar pentru aceasta este nevoie s\u0103 afli r\u0103spunsul la o serie de \u00eentreb\u0103ri precum: <em>Cine e\u015fti \u015fi cu ce te identifici? <\/em><em>Care sunt realiz\u0103rile \u015fi e\u015fecurile tale? Ce ai \u00eenv\u0103\u0163at din ele? Cum te sim\u0163i referitor la ce ai realizat? <\/em><em>Ce te influen\u0163eaz\u0103 \u015fi la ce aspiri \u00een viitorul apropiat? Care sunt urm\u0103torii pa\u015fi \u015fi ce \u00ee\u0163i lipse\u015fte?<\/em><\/p>\n<p>Chiar dac\u0103 ai doar o idee vag\u0103 despre ce ai vrea s\u0103 fii sau s\u0103 ai, este bine s\u0103 \u00eencepi s\u0103-\u0163i define\u015fti obiective, s\u0103-\u0163i construie\u015fti un plan de dezvoltare. De ce? Pentru c\u0103 astfel vei avea mai multe \u015fanse de a ajunge acolo unde \u00ee\u0163i dore\u015fti!<\/p>\n<p><strong><em>Obiectivele atelierului:<\/em><\/strong><\/p>\n<ul>\n<li>identificarea principalelor etape ce trebuie parcurse \u00een elaborarea unui plan de dezvoltare personal\u0103\/profesional\u0103;<\/li>\n<li>definirea obiectivelor de atins \u00een termeni concre\u0163i, m\u0103surabili, observabili;<\/li>\n<li>determinarea resurselor interne \u015fi\/sau externe necesare realiz\u0103rii obiectivelor;<\/li>\n<li>stabilirea factorilor de risc \u015fi a modalit\u0103\u0163ilor de abordare a acestora.<\/li>\n<\/ul>\n<p><strong><em>Public \u0163int\u0103:<\/em><\/strong><\/p>\n<ul>\n<li>studen\u0163i la programele de licen\u0163\u0103\/masterat;<\/li>\n<li>maxim 10 studen\u0163i\/atelier.<\/li>\n<\/ul>\n<p><strong><em>Durata:<\/em><\/strong> 1 or\u0103.<\/p>\n","protected":false},"excerpt":{"rendered":"<p>Cum s\u0103-\u0163i construiesti un plan de dezvoltare personal\u0103 &nbsp;astfel \u00eenc\u00e2t s\u0103 \u00eel respec\u0163i? Calea c\u0103tre viitor nu trebuie g\u0103sit\u0103, ci creat\u0103, iar ac\u0163iunile noastre schimb\u0103 at\u00e2t destina\u0163ia, c\u00e2t \u015fi persoana. Este important s\u0103 vrei s\u0103 te cuno\u015fti mai bine \u015fi s\u0103 te dezvol\u0163i. Iar pentru aceasta este nevoie s\u0103 afli r\u0103spunsul la o serie de&#8230;<\/p>\n","protected":false},"author":1,"featured_media":0,"parent":66,"menu_order":0,"comment_status":"closed","ping_status":"closed","template":"","meta":{"_kad_post_transparent":"","_kad_post_title":"","_kad_post_layout":"","_kad_post_sidebar_id":"","_kad_post_content_style":"","_kad_post_vertical_padding":"","_kad_post_feature":"","_kad_post_feature_position":"","_kad_post_header":false,"_kad_post_footer":false,"footnotes":""},"class_list":["post-81","page","type-page","status-publish","hentry"],"yoast_head":"<!-- This site is optimized with the Yoast SEO plugin v24.5 - https:\/\/yoast.com\/wordpress\/plugins\/seo\/ -->\n<title>Cum s\u0103 \u00ee\u021bi construie\u0219ti un plan de dezvoltare personal\u0103 (workshop) - Centrul de Consiliere \u0219i Orientare \u00een Carier\u0103<\/title>\n<meta name=\"robots\" content=\"index, follow, max-snippet:-1, max-image-preview:large, max-video-preview:-1\" \/>\n<link rel=\"canonical\" href=\"http:\/\/ccoc.upg-ploiesti.ro\/?page_id=81\" \/>\n<meta property=\"og:locale\" content=\"en_US\" \/>\n<meta property=\"og:type\" content=\"article\" \/>\n<meta property=\"og:title\" content=\"Cum s\u0103 \u00ee\u021bi construie\u0219ti un plan de dezvoltare personal\u0103 (workshop) - Centrul de Consiliere \u0219i Orientare \u00een Carier\u0103\" \/>\n<meta property=\"og:description\" content=\"Cum s\u0103-\u0163i construiesti un plan de dezvoltare personal\u0103 &nbsp;astfel \u00eenc\u00e2t s\u0103 \u00eel respec\u0163i? Calea c\u0103tre viitor nu trebuie g\u0103sit\u0103, ci creat\u0103, iar ac\u0163iunile noastre schimb\u0103 at\u00e2t destina\u0163ia, c\u00e2t \u015fi persoana. Este important s\u0103 vrei s\u0103 te cuno\u015fti mai bine \u015fi s\u0103 te dezvol\u0163i. Iar pentru aceasta este nevoie s\u0103 afli r\u0103spunsul la o serie de...\" \/>\n<meta property=\"og:url\" content=\"http:\/\/ccoc.upg-ploiesti.ro\/?page_id=81\" \/>\n<meta property=\"og:site_name\" content=\"Centrul de Consiliere \u0219i Orientare \u00een Carier\u0103\" \/>\n<meta property=\"article:modified_time\" content=\"2022-06-02T08:42:01+00:00\" \/>\n<meta name=\"twitter:card\" content=\"summary_large_image\" \/>\n<meta name=\"twitter:label1\" content=\"Est. reading time\" \/>\n\t<meta name=\"twitter:data1\" content=\"1 minute\" \/>\n<script type=\"application\/ld+json\" class=\"yoast-schema-graph\">{\"@context\":\"https:\/\/schema.org\",\"@graph\":[{\"@type\":\"WebPage\",\"@id\":\"http:\/\/ccoc.upg-ploiesti.ro\/?page_id=81\",\"url\":\"http:\/\/ccoc.upg-ploiesti.ro\/?page_id=81\",\"name\":\"Cum s\u0103 \u00ee\u021bi construie\u0219ti un plan de dezvoltare personal\u0103 (workshop) - Centrul de Consiliere \u0219i Orientare \u00een Carier\u0103\",\"isPartOf\":{\"@id\":\"http:\/\/ccoc.upg-ploiesti.ro\/#website\"},\"datePublished\":\"2017-11-23T14:51:03+00:00\",\"dateModified\":\"2022-06-02T08:42:01+00:00\",\"breadcrumb\":{\"@id\":\"http:\/\/ccoc.upg-ploiesti.ro\/?page_id=81#breadcrumb\"},\"inLanguage\":\"en-US\",\"potentialAction\":[{\"@type\":\"ReadAction\",\"target\":[\"http:\/\/ccoc.upg-ploiesti.ro\/?page_id=81\"]}]},{\"@type\":\"BreadcrumbList\",\"@id\":\"http:\/\/ccoc.upg-ploiesti.ro\/?page_id=81#breadcrumb\",\"itemListElement\":[{\"@type\":\"ListItem\",\"position\":1,\"name\":\"Home\",\"item\":\"http:\/\/ccoc.upg-ploiesti.ro\/\"},{\"@type\":\"ListItem\",\"position\":2,\"name\":\"Consiliere \u0219i orientare\",\"item\":\"http:\/\/ccoc.upg-ploiesti.ro\/?page_id=66\"},{\"@type\":\"ListItem\",\"position\":3,\"name\":\"Cum s\u0103 \u00ee\u021bi construie\u0219ti un plan de dezvoltare personal\u0103 (workshop)\"}]},{\"@type\":\"WebSite\",\"@id\":\"http:\/\/ccoc.upg-ploiesti.ro\/#website\",\"url\":\"http:\/\/ccoc.upg-ploiesti.ro\/\",\"name\":\"Centrul de Consiliere \u0219i Orientare \u00een Carier\u0103\",\"description\":\"Universitatea Petrol-Gaze din Ploie\u0219ti\",\"potentialAction\":[{\"@type\":\"SearchAction\",\"target\":{\"@type\":\"EntryPoint\",\"urlTemplate\":\"http:\/\/ccoc.upg-ploiesti.ro\/?s={search_term_string}\"},\"query-input\":{\"@type\":\"PropertyValueSpecification\",\"valueRequired\":true,\"valueName\":\"search_term_string\"}}],\"inLanguage\":\"en-US\"}]}<\/script>\n<!-- \/ Yoast SEO plugin. -->","yoast_head_json":{"title":"Cum s\u0103 \u00ee\u021bi construie\u0219ti un plan de dezvoltare personal\u0103 (workshop) - Centrul de Consiliere \u0219i Orientare \u00een Carier\u0103","robots":{"index":"index","follow":"follow","max-snippet":"max-snippet:-1","max-image-preview":"max-image-preview:large","max-video-preview":"max-video-preview:-1"},"canonical":"http:\/\/ccoc.upg-ploiesti.ro\/?page_id=81","og_locale":"en_US","og_type":"article","og_title":"Cum s\u0103 \u00ee\u021bi construie\u0219ti un plan de dezvoltare personal\u0103 (workshop) - Centrul de Consiliere \u0219i Orientare \u00een Carier\u0103","og_description":"Cum s\u0103-\u0163i construiesti un plan de dezvoltare personal\u0103 &nbsp;astfel \u00eenc\u00e2t s\u0103 \u00eel respec\u0163i? Calea c\u0103tre viitor nu trebuie g\u0103sit\u0103, ci creat\u0103, iar ac\u0163iunile noastre schimb\u0103 at\u00e2t destina\u0163ia, c\u00e2t \u015fi persoana. Este important s\u0103 vrei s\u0103 te cuno\u015fti mai bine \u015fi s\u0103 te dezvol\u0163i. Iar pentru aceasta este nevoie s\u0103 afli r\u0103spunsul la o serie de...","og_url":"http:\/\/ccoc.upg-ploiesti.ro\/?page_id=81","og_site_name":"Centrul de Consiliere \u0219i Orientare \u00een Carier\u0103","article_modified_time":"2022-06-02T08:42:01+00:00","twitter_card":"summary_large_image","twitter_misc":{"Est. reading time":"1 minute"},"schema":{"@context":"https:\/\/schema.org","@graph":[{"@type":"WebPage","@id":"http:\/\/ccoc.upg-ploiesti.ro\/?page_id=81","url":"http:\/\/ccoc.upg-ploiesti.ro\/?page_id=81","name":"Cum s\u0103 \u00ee\u021bi construie\u0219ti un plan de dezvoltare personal\u0103 (workshop) - Centrul de Consiliere \u0219i Orientare \u00een Carier\u0103","isPartOf":{"@id":"http:\/\/ccoc.upg-ploiesti.ro\/#website"},"datePublished":"2017-11-23T14:51:03+00:00","dateModified":"2022-06-02T08:42:01+00:00","breadcrumb":{"@id":"http:\/\/ccoc.upg-ploiesti.ro\/?page_id=81#breadcrumb"},"inLanguage":"en-US","potentialAction":[{"@type":"ReadAction","target":["http:\/\/ccoc.upg-ploiesti.ro\/?page_id=81"]}]},{"@type":"BreadcrumbList","@id":"http:\/\/ccoc.upg-ploiesti.ro\/?page_id=81#breadcrumb","itemListElement":[{"@type":"ListItem","position":1,"name":"Home","item":"http:\/\/ccoc.upg-ploiesti.ro\/"},{"@type":"ListItem","position":2,"name":"Consiliere \u0219i orientare","item":"http:\/\/ccoc.upg-ploiesti.ro\/?page_id=66"},{"@type":"ListItem","position":3,"name":"Cum s\u0103 \u00ee\u021bi construie\u0219ti un plan de dezvoltare personal\u0103 (workshop)"}]},{"@type":"WebSite","@id":"http:\/\/ccoc.upg-ploiesti.ro\/#website","url":"http:\/\/ccoc.upg-ploiesti.ro\/","name":"Centrul de Consiliere \u0219i Orientare \u00een Carier\u0103","description":"Universitatea Petrol-Gaze din Ploie\u0219ti","potentialAction":[{"@type":"SearchAction","target":{"@type":"EntryPoint","urlTemplate":"http:\/\/ccoc.upg-ploiesti.ro\/?s={search_term_string}"},"query-input":{"@type":"PropertyValueSpecification","valueRequired":true,"valueName":"search_term_string"}}],"inLanguage":"en-US"}]}},"_links":{"self":[{"href":"http:\/\/ccoc.upg-ploiesti.ro\/index.php?rest_route=\/wp\/v2\/pages\/81","targetHints":{"allow":["GET"]}}],"collection":[{"href":"http:\/\/ccoc.upg-ploiesti.ro\/index.php?rest_route=\/wp\/v2\/pages"}],"about":[{"href":"http:\/\/ccoc.upg-ploiesti.ro\/index.php?rest_route=\/wp\/v2\/types\/page"}],"author":[{"embeddable":true,"href":"http:\/\/ccoc.upg-ploiesti.ro\/index.php?rest_route=\/wp\/v2\/users\/1"}],"replies":[{"embeddable":true,"href":"http:\/\/ccoc.upg-ploiesti.ro\/index.php?rest_route=%2Fwp%2Fv2%2Fcomments&post=81"}],"version-history":[{"count":2,"href":"http:\/\/ccoc.upg-ploiesti.ro\/index.php?rest_route=\/wp\/v2\/pages\/81\/revisions"}],"predecessor-version":[{"id":248,"href":"http:\/\/ccoc.upg-ploiesti.ro\/index.php?rest_route=\/wp\/v2\/pages\/81\/revisions\/248"}],"up":[{"embeddable":true,"href":"http:\/\/ccoc.upg-ploiesti.ro\/index.php?rest_route=\/wp\/v2\/pages\/66"}],"wp:attachment":[{"href":"http:\/\/ccoc.upg-ploiesti.ro\/index.php?rest_route=%2Fwp%2Fv2%2Fmedia&parent=81"}],"curies":[{"name":"wp","href":"https:\/\/api.w.org\/{rel}","templated":true}]}}